{"id":268,"date":"2020-01-21T12:51:32","date_gmt":"2020-01-21T11:51:32","guid":{"rendered":"https:\/\/www.socabel.fr\/?post_type=product&#038;p=268"},"modified":"2024-10-02T16:40:03","modified_gmt":"2024-10-02T14:40:03","slug":"borne-camping-tahiti-double","status":"publish","type":"product","link":"https:\/\/www.socabel.fr\/index.php\/produit\/borne-camping-tahiti-double\/","title":{"rendered":"Borne camping &#8211; Tahiti double"},"content":{"rendered":"<div class=\"woocommerce-tabs wc-tabs-wrapper\">\n<div id=\"tab-description\" class=\"woocommerce-Tabs-panel woocommerce-Tabs-panel--description panel entry-content wc-tab\" role=\"tabpanel\" aria-labelledby=\"tab-title-description\">\n<p align=\"center\"><b>INFORMATION DE FABRICATION BORNE CAMPING TAHITI DOUBLE<\/b><\/p>\n<p>Toutes nos bornes \u00e9lectriques de camping sont \u00e9tudi\u00e9es, assembl\u00e9es et r\u00e9alis\u00e9es dans nos ateliers, en France.<\/p>\n<p>Notre savoir faire nous permet de vous proposer des bornes \u00e9lectriques sur mesure, adapt\u00e9s \u00e0 vos d\u00e9sirs et vos besoins.<\/p>\n<p>Toute demande est \u00e9tudi\u00e9e avec soin pour vous permettre de b\u00e9n\u00e9ficier d\u2019un produit de qualit\u00e9 au meilleur prix.<\/p>\n<p>&nbsp;<\/p>\n<\/div>\n<\/div>\n","protected":false},"excerpt":{"rendered":"<p style=\"text-align: center;\"><strong>DESCRIPTIF<\/strong><\/p>\n<p><strong>Dimension de la borne :<\/strong><\/p>\n<p>H1000mm x l400mm x P320mm<\/p>\n<p><strong>2 Coffrets \u00e9lectrique \u00e9tanche IP67<\/strong><\/p>\n<p>\u00c9quip\u00e9 de 8 disjoncteurs diff\u00e9rentiel 30mA (10A ou 16A)<\/p>\n<p>8 Prises de Courant CE (norme europ\u00e9enne)<\/p>\n<p>Bornier d&rsquo;alimentation \u00e9lectrique t\u00e9trapolaire (ou mono) en 16mm\u00b2 et 25mm\u00b2<\/p>\n<p>2 Presses \u00e9toupes<\/p>\n<p>L&rsquo;ensemble est mont\u00e9\/c\u00e2bl\u00e9<\/p>\n<p>La porte du coffret est mont\u00e9e sur charni\u00e8res (facilitant la maintenance)<\/p>\n<p>Couvercle cadenassable<\/p>\n<p>(Cadenas non fourni)<\/p>\n<p><strong>Support bois<\/strong><\/p>\n<p>Support en bois IROKO imputrescible, garantissant une tr\u00e8s bonne tenue dans le temps et aux intemp\u00e9ries.<\/p>\n<p>Bois trait\u00e9 par 3 couches de saturateur qui lui donne son aspect de bois vernis.<\/p>\n<p>Entretien facile, par une couche de saturateur en fin de saison.<\/p>\n<p>Poteau 50x130mm<\/p>\n<p>Renfort lat\u00e9ral 60x25mm<\/p>\n<p>Semelles de fixation en inox fourni avec visserie<\/p>\n<p>&nbsp;<\/p>\n<p>&nbsp;<\/p>\n","protected":false},"featured_media":745,"comment_status":"open","ping_status":"closed","template":"","meta":{"ocean_post_layout":"","ocean_both_sidebars_style":"","ocean_both_sidebars_content_width":0,"ocean_both_sidebars_sidebars_width":0,"ocean_sidebar":"0","ocean_second_sidebar":"0","ocean_disable_margins":"enable","ocean_add_body_class":"","ocean_shortcode_before_top_bar":"","ocean_shortcode_after_top_bar":"","ocean_shortcode_before_header":"","ocean_shortcode_after_header":"","ocean_has_shortcode":"","ocean_shortcode_after_title":"","ocean_shortcode_before_footer_widgets":"","ocean_shortcode_after_footer_widgets":"","ocean_shortcode_before_footer_bottom":"","ocean_shortcode_after_footer_bottom":"","ocean_display_top_bar":"default","ocean_display_header":"default","ocean_header_style":"","ocean_center_header_left_menu":"0","ocean_custom_header_template":"0","ocean_custom_logo":0,"ocean_custom_retina_logo":0,"ocean_custom_logo_max_width":0,"ocean_custom_logo_tablet_max_width":0,"ocean_custom_logo_mobile_max_width":0,"ocean_custom_logo_max_height":0,"ocean_custom_logo_tablet_max_height":0,"ocean_custom_logo_mobile_max_height":0,"ocean_header_custom_menu":"0","ocean_menu_typo_font_family":"0","ocean_menu_typo_font_subset":"","ocean_menu_typo_font_size":0,"ocean_menu_typo_font_size_tablet":0,"ocean_menu_typo_font_size_mobile":0,"ocean_menu_typo_font_size_unit":"px","ocean_menu_typo_font_weight":"","ocean_menu_typo_font_weight_tablet":"","ocean_menu_typo_font_weight_mobile":"","ocean_menu_typo_transform":"","ocean_menu_typo_transform_tablet":"","ocean_menu_typo_transform_mobile":"","ocean_menu_typo_line_height":0,"ocean_menu_typo_line_height_tablet":0,"ocean_menu_typo_line_height_mobile":0,"ocean_menu_typo_line_height_unit":"","ocean_menu_typo_spacing":0,"ocean_menu_typo_spacing_tablet":0,"ocean_menu_typo_spacing_mobile":0,"ocean_menu_typo_spacing_unit":"","ocean_menu_link_color":"","ocean_menu_link_color_hover":"","ocean_menu_link_color_active":"","ocean_menu_link_background":"","ocean_menu_link_hover_background":"","ocean_menu_link_active_background":"","ocean_menu_social_links_bg":"","ocean_menu_social_hover_links_bg":"","ocean_menu_social_links_color":"","ocean_menu_social_hover_links_color":"","ocean_disable_title":"default","ocean_disable_heading":"default","ocean_post_title":"","ocean_post_subheading":"","ocean_post_title_style":"","ocean_post_title_background_color":"","ocean_post_title_background":0,"ocean_post_title_bg_image_position":"","ocean_post_title_bg_image_attachment":"","ocean_post_title_bg_image_repeat":"","ocean_post_title_bg_image_size":"","ocean_post_title_height":0,"ocean_post_title_bg_overlay":0.5,"ocean_post_title_bg_overlay_color":"","ocean_disable_breadcrumbs":"default","ocean_breadcrumbs_color":"","ocean_breadcrumbs_separator_color":"","ocean_breadcrumbs_links_color":"","ocean_breadcrumbs_links_hover_color":"","ocean_display_footer_widgets":"default","ocean_display_footer_bottom":"default","ocean_custom_footer_template":"0"},"product_cat":[32,17],"product_tag":[],"class_list":{"0":"post-268","1":"product","2":"type-product","3":"status-publish","4":"has-post-thumbnail","5":"hentry","6":"product_cat-bornes-de-camping-aire-de-camping-car","7":"product_cat-camping","9":"entry","10":"has-media","11":"owp-thumbs-layout-horizontal","12":"owp-btn-normal","13":"owp-tabs-layout-horizontal","14":"has-product-nav"},"yoast_head":"<!-- This site is optimized with the Yoast SEO plugin v23.1 - https:\/\/yoast.com\/wordpress\/plugins\/seo\/ -->\n<title>Borne camping - Tahiti double - Socabel conceptions \u00e9lectriques sur mesure<\/title>\n<meta name=\"description\" content=\"Borne camping Tahiti double - Toutes nos Bornes \u00e9lectriques de camping Tahiti double sont \u00e9tudi\u00e9es, assembl\u00e9es et r\u00e9alis\u00e9es dans nos ateliers, en France.\" \/>\n<meta name=\"robots\" content=\"index, follow, max-snippet:-1, max-image-preview:large, max-video-preview:-1\" \/>\n<link rel=\"canonical\" href=\"https:\/\/www.socabel.fr\/index.php\/produit\/borne-camping-tahiti-double\/\" \/>\n<meta property=\"og:locale\" content=\"fr_FR\" \/>\n<meta property=\"og:type\" content=\"article\" \/>\n<meta property=\"og:title\" content=\"Borne camping - Tahiti double - Socabel conceptions \u00e9lectriques sur mesure\" \/>\n<meta property=\"og:description\" content=\"Borne camping Tahiti double - Toutes nos Bornes \u00e9lectriques de camping Tahiti double sont \u00e9tudi\u00e9es, assembl\u00e9es et r\u00e9alis\u00e9es dans nos ateliers, en France.\" \/>\n<meta property=\"og:url\" content=\"https:\/\/www.socabel.fr\/index.php\/produit\/borne-camping-tahiti-double\/\" \/>\n<meta property=\"og:site_name\" content=\"Socabel conceptions \u00e9lectriques sur mesure\" \/>\n<meta property=\"article:modified_time\" content=\"2024-10-02T14:40:03+00:00\" \/>\n<meta property=\"og:image\" content=\"https:\/\/www.socabel.fr\/wp-content\/uploads\/2020\/01\/TAHITI-DOUBLE_03-768x1024.png\" \/>\n\t<meta property=\"og:image:width\" content=\"768\" \/>\n\t<meta property=\"og:image:height\" content=\"1024\" \/>\n\t<meta property=\"og:image:type\" content=\"image\/png\" \/>\n<meta name=\"twitter:card\" content=\"summary_large_image\" \/>\n<meta name=\"twitter:label1\" content=\"Dur\u00e9e de lecture estim\u00e9e\" \/>\n\t<meta name=\"twitter:data1\" content=\"1 minute\" \/>\n<script type=\"application\/ld+json\" class=\"yoast-schema-graph\">{\"@context\":\"https:\/\/schema.org\",\"@graph\":[{\"@type\":\"WebPage\",\"@id\":\"https:\/\/www.socabel.fr\/index.php\/produit\/borne-camping-tahiti-double\/\",\"url\":\"https:\/\/www.socabel.fr\/index.php\/produit\/borne-camping-tahiti-double\/\",\"name\":\"Borne camping - Tahiti double - Socabel conceptions \u00e9lectriques sur mesure\",\"isPartOf\":{\"@id\":\"https:\/\/www.socabel.fr\/#website\"},\"primaryImageOfPage\":{\"@id\":\"https:\/\/www.socabel.fr\/index.php\/produit\/borne-camping-tahiti-double\/#primaryimage\"},\"image\":{\"@id\":\"https:\/\/www.socabel.fr\/index.php\/produit\/borne-camping-tahiti-double\/#primaryimage\"},\"thumbnailUrl\":\"https:\/\/www.socabel.fr\/wp-content\/uploads\/2020\/01\/TAHITI-DOUBLE_03.png\",\"datePublished\":\"2020-01-21T11:51:32+00:00\",\"dateModified\":\"2024-10-02T14:40:03+00:00\",\"description\":\"Borne camping Tahiti double - Toutes nos Bornes \u00e9lectriques de camping Tahiti double sont \u00e9tudi\u00e9es, assembl\u00e9es et r\u00e9alis\u00e9es dans nos ateliers, en France.\",\"breadcrumb\":{\"@id\":\"https:\/\/www.socabel.fr\/index.php\/produit\/borne-camping-tahiti-double\/#breadcrumb\"},\"inLanguage\":\"fr-FR\",\"potentialAction\":[{\"@type\":\"ReadAction\",\"target\":[\"https:\/\/www.socabel.fr\/index.php\/produit\/borne-camping-tahiti-double\/\"]}]},{\"@type\":\"ImageObject\",\"inLanguage\":\"fr-FR\",\"@id\":\"https:\/\/www.socabel.fr\/index.php\/produit\/borne-camping-tahiti-double\/#primaryimage\",\"url\":\"https:\/\/www.socabel.fr\/wp-content\/uploads\/2020\/01\/TAHITI-DOUBLE_03.png\",\"contentUrl\":\"https:\/\/www.socabel.fr\/wp-content\/uploads\/2020\/01\/TAHITI-DOUBLE_03.png\",\"width\":2448,\"height\":3264},{\"@type\":\"BreadcrumbList\",\"@id\":\"https:\/\/www.socabel.fr\/index.php\/produit\/borne-camping-tahiti-double\/#breadcrumb\",\"itemListElement\":[{\"@type\":\"ListItem\",\"position\":1,\"name\":\"Accueil\",\"item\":\"https:\/\/www.socabel.fr\/\"},{\"@type\":\"ListItem\",\"position\":2,\"name\":\"Boutique\",\"item\":\"https:\/\/www.socabel.fr\/index.php\/boutique\/\"},{\"@type\":\"ListItem\",\"position\":3,\"name\":\"Borne camping &#8211; Tahiti double\"}]},{\"@type\":\"WebSite\",\"@id\":\"https:\/\/www.socabel.fr\/#website\",\"url\":\"https:\/\/www.socabel.fr\/\",\"name\":\"Socabel conceptions \u00e9lectriques sur mesure\",\"description\":\"Notre savoir faire Fran\u00e7ais mis \u00e0 la disposition de nos clients qui peuvent personnaliser leurs demandes, sans impact sur les co\u00fbt et dans le respect absolu des d\u00e9lais de livraison annonc\u00e9.\",\"publisher\":{\"@id\":\"https:\/\/www.socabel.fr\/#organization\"},\"potentialAction\":[{\"@type\":\"SearchAction\",\"target\":{\"@type\":\"EntryPoint\",\"urlTemplate\":\"https:\/\/www.socabel.fr\/?s={search_term_string}\"},\"query-input\":\"required name=search_term_string\"}],\"inLanguage\":\"fr-FR\"},{\"@type\":\"Organization\",\"@id\":\"https:\/\/www.socabel.fr\/#organization\",\"name\":\"Socabel conceptions \u00e9lectriques sur mesure\",\"url\":\"https:\/\/www.socabel.fr\/\",\"logo\":{\"@type\":\"ImageObject\",\"inLanguage\":\"fr-FR\",\"@id\":\"https:\/\/www.socabel.fr\/#\/schema\/logo\/image\/\",\"url\":\"https:\/\/www.socabel.fr\/wp-content\/uploads\/2020\/02\/logo_200.png\",\"contentUrl\":\"https:\/\/www.socabel.fr\/wp-content\/uploads\/2020\/02\/logo_200.png\",\"width\":200,\"height\":50,\"caption\":\"Socabel conceptions \u00e9lectriques sur mesure\"},\"image\":{\"@id\":\"https:\/\/www.socabel.fr\/#\/schema\/logo\/image\/\"}}]}<\/script>\n<!-- \/ Yoast SEO plugin. -->","yoast_head_json":{"title":"Borne camping - Tahiti double - Socabel conceptions \u00e9lectriques sur mesure","description":"Borne camping Tahiti double - Toutes nos Bornes \u00e9lectriques de camping Tahiti double sont \u00e9tudi\u00e9es, assembl\u00e9es et r\u00e9alis\u00e9es dans nos ateliers, en France.","robots":{"index":"index","follow":"follow","max-snippet":"max-snippet:-1","max-image-preview":"max-image-preview:large","max-video-preview":"max-video-preview:-1"},"canonical":"https:\/\/www.socabel.fr\/index.php\/produit\/borne-camping-tahiti-double\/","og_locale":"fr_FR","og_type":"article","og_title":"Borne camping - Tahiti double - Socabel conceptions \u00e9lectriques sur mesure","og_description":"Borne camping Tahiti double - Toutes nos Bornes \u00e9lectriques de camping Tahiti double sont \u00e9tudi\u00e9es, assembl\u00e9es et r\u00e9alis\u00e9es dans nos ateliers, en France.","og_url":"https:\/\/www.socabel.fr\/index.php\/produit\/borne-camping-tahiti-double\/","og_site_name":"Socabel conceptions \u00e9lectriques sur mesure","article_modified_time":"2024-10-02T14:40:03+00:00","og_image":[{"width":768,"height":1024,"url":"https:\/\/www.socabel.fr\/wp-content\/uploads\/2020\/01\/TAHITI-DOUBLE_03-768x1024.png","type":"image\/png"}],"twitter_card":"summary_large_image","twitter_misc":{"Dur\u00e9e de lecture estim\u00e9e":"1 minute"},"schema":{"@context":"https:\/\/schema.org","@graph":[{"@type":"WebPage","@id":"https:\/\/www.socabel.fr\/index.php\/produit\/borne-camping-tahiti-double\/","url":"https:\/\/www.socabel.fr\/index.php\/produit\/borne-camping-tahiti-double\/","name":"Borne camping - Tahiti double - Socabel conceptions \u00e9lectriques sur mesure","isPartOf":{"@id":"https:\/\/www.socabel.fr\/#website"},"primaryImageOfPage":{"@id":"https:\/\/www.socabel.fr\/index.php\/produit\/borne-camping-tahiti-double\/#primaryimage"},"image":{"@id":"https:\/\/www.socabel.fr\/index.php\/produit\/borne-camping-tahiti-double\/#primaryimage"},"thumbnailUrl":"https:\/\/www.socabel.fr\/wp-content\/uploads\/2020\/01\/TAHITI-DOUBLE_03.png","datePublished":"2020-01-21T11:51:32+00:00","dateModified":"2024-10-02T14:40:03+00:00","description":"Borne camping Tahiti double - Toutes nos Bornes \u00e9lectriques de camping Tahiti double sont \u00e9tudi\u00e9es, assembl\u00e9es et r\u00e9alis\u00e9es dans nos ateliers, en France.","breadcrumb":{"@id":"https:\/\/www.socabel.fr\/index.php\/produit\/borne-camping-tahiti-double\/#breadcrumb"},"inLanguage":"fr-FR","potentialAction":[{"@type":"ReadAction","target":["https:\/\/www.socabel.fr\/index.php\/produit\/borne-camping-tahiti-double\/"]}]},{"@type":"ImageObject","inLanguage":"fr-FR","@id":"https:\/\/www.socabel.fr\/index.php\/produit\/borne-camping-tahiti-double\/#primaryimage","url":"https:\/\/www.socabel.fr\/wp-content\/uploads\/2020\/01\/TAHITI-DOUBLE_03.png","contentUrl":"https:\/\/www.socabel.fr\/wp-content\/uploads\/2020\/01\/TAHITI-DOUBLE_03.png","width":2448,"height":3264},{"@type":"BreadcrumbList","@id":"https:\/\/www.socabel.fr\/index.php\/produit\/borne-camping-tahiti-double\/#breadcrumb","itemListElement":[{"@type":"ListItem","position":1,"name":"Accueil","item":"https:\/\/www.socabel.fr\/"},{"@type":"ListItem","position":2,"name":"Boutique","item":"https:\/\/www.socabel.fr\/index.php\/boutique\/"},{"@type":"ListItem","position":3,"name":"Borne camping &#8211; Tahiti double"}]},{"@type":"WebSite","@id":"https:\/\/www.socabel.fr\/#website","url":"https:\/\/www.socabel.fr\/","name":"Socabel conceptions \u00e9lectriques sur mesure","description":"Notre savoir faire Fran\u00e7ais mis \u00e0 la disposition de nos clients qui peuvent personnaliser leurs demandes, sans impact sur les co\u00fbt et dans le respect absolu des d\u00e9lais de livraison annonc\u00e9.","publisher":{"@id":"https:\/\/www.socabel.fr\/#organization"},"potentialAction":[{"@type":"SearchAction","target":{"@type":"EntryPoint","urlTemplate":"https:\/\/www.socabel.fr\/?s={search_term_string}"},"query-input":"required name=search_term_string"}],"inLanguage":"fr-FR"},{"@type":"Organization","@id":"https:\/\/www.socabel.fr\/#organization","name":"Socabel conceptions \u00e9lectriques sur mesure","url":"https:\/\/www.socabel.fr\/","logo":{"@type":"ImageObject","inLanguage":"fr-FR","@id":"https:\/\/www.socabel.fr\/#\/schema\/logo\/image\/","url":"https:\/\/www.socabel.fr\/wp-content\/uploads\/2020\/02\/logo_200.png","contentUrl":"https:\/\/www.socabel.fr\/wp-content\/uploads\/2020\/02\/logo_200.png","width":200,"height":50,"caption":"Socabel conceptions \u00e9lectriques sur mesure"},"image":{"@id":"https:\/\/www.socabel.fr\/#\/schema\/logo\/image\/"}}]}},"_links":{"self":[{"href":"https:\/\/www.socabel.fr\/index.php\/wp-json\/wp\/v2\/product\/268","targetHints":{"allow":["GET"]}}],"collection":[{"href":"https:\/\/www.socabel.fr\/index.php\/wp-json\/wp\/v2\/product"}],"about":[{"href":"https:\/\/www.socabel.fr\/index.php\/wp-json\/wp\/v2\/types\/product"}],"replies":[{"embeddable":true,"href":"https:\/\/www.socabel.fr\/index.php\/wp-json\/wp\/v2\/comments?post=268"}],"wp:featuredmedia":[{"embeddable":true,"href":"https:\/\/www.socabel.fr\/index.php\/wp-json\/wp\/v2\/media\/745"}],"wp:attachment":[{"href":"https:\/\/www.socabel.fr\/index.php\/wp-json\/wp\/v2\/media?parent=268"}],"wp:term":[{"taxonomy":"product_cat","embeddable":true,"href":"https:\/\/www.socabel.fr\/index.php\/wp-json\/wp\/v2\/product_cat?post=268"},{"taxonomy":"product_tag","embeddable":true,"href":"https:\/\/www.socabel.fr\/index.php\/wp-json\/wp\/v2\/product_tag?post=268"}],"curies":[{"name":"wp","href":"https:\/\/api.w.org\/{rel}","templated":true}]}}