{"id":283,"date":"2020-01-21T15:02:38","date_gmt":"2020-01-21T14:02:38","guid":{"rendered":"https:\/\/www.socabel.fr\/?post_type=product&#038;p=283"},"modified":"2024-10-02T11:14:03","modified_gmt":"2024-10-02T09:14:03","slug":"borne-collectivite-dolomite-inondable-pontons-quai-fluviale","status":"publish","type":"product","link":"https:\/\/www.socabel.fr\/index.php\/produit\/borne-collectivite-dolomite-inondable-pontons-quai-fluviale\/","title":{"rendered":"Borne collectivit\u00e9 -Dolomite Inondable pour pontons quai fluviale"},"content":{"rendered":"<p align=\"center\"><b>INFORMATION DE FABRICATION BORNE COLLECTIVIT\u00c9 DOLOMITE INONDABLE pour pontons quai fluviale<\/b><\/p>\n<p>Toutes nos bornes \u00e9lectriques pour les collectivit\u00e9s Dolomite inondable sont \u00e9tudi\u00e9es, assembl\u00e9es et r\u00e9alis\u00e9es dans nos ateliers, en France.<\/p>\n<p>Notre savoir faire nous permet de vous proposer des bornes \u00e9lectriques sur mesure, adapt\u00e9s \u00e0 vos d\u00e9sirs et vos besoins.<\/p>\n<p>Chaque demande est \u00e9tudi\u00e9e avec soin pour vous permettre de b\u00e9n\u00e9ficier d\u2019un produit de qualit\u00e9 au meilleur prix.<\/p>\n<p>&nbsp;<\/p>\n","protected":false},"excerpt":{"rendered":"<p align=\"center\"><strong>DESCRIPTIF<\/strong><\/p>\n<p>Cette borne peut \u00eatre immerg\u00e9e sous 1.20 m d&rsquo;eau maximum<\/p>\n<p>Un compartiment \u00e9tanche est situ\u00e9 sous les prises du bas de la borne, ce qui lui permet d&rsquo;\u00eatre immerg\u00e9e, sans dommage pour le mat\u00e9riel \u00e9lectrique (maxi 1.20 m). Ce dispositif permet de supporter de soudaine mont\u00e9e des eaux en prot\u00e9geant l&rsquo;installation \u00e9lectrique durant une p\u00e9riode de crue, dans la limite de 1,2m. Le fonctionnement de la borne est maintenue tant que le compartiment \u00e9tanche n&rsquo;est pas submerg\u00e9.<\/p>\n<p>&nbsp;<\/p>\n<p><strong>Dimension de la borne :<\/strong><\/p>\n<p>H1650mm x L200mm x P200mm<\/p>\n<p><strong>Caract\u00e9ristiques \u00e9lectriques :<\/strong><\/p>\n<p>Borne \u00e9lectrique \u00e9tanche IP67<\/p>\n<p>La borne peut \u00eatre \u00e9quip\u00e9 par :<\/p>\n<p>4, 6 ou 8 PC (16 ou 32A), monophas\u00e9 ou par des prises t\u00e9trapolaire 20\/32A<\/p>\n<p>Chaque prise de courant est prot\u00e9g\u00e9e par un disjoncteur diff\u00e9rentiel 30mA &#8211; Type AC<\/p>\n<p>Possibilit\u00e9 de moduler les types de prises (Mono\/T\u00e9tra)<\/p>\n<p>Prises de Courant CE (norme europ\u00e9enne)<\/p>\n<p>Bornier d&rsquo;alimentation \u00e9lectrique t\u00e9trapolaire (ou mono) en 16mm\u00b2 et 25mm\u00b2<\/p>\n<p>Le bornier d&rsquo;alimentation est mont\u00e9 sur un coffret \u00e9lectrique accessible \u00e0 l\u2019arri\u00e8re de la borne.<\/p>\n<p>1 Presse \u00e9toupe int\u00e9rieur<\/p>\n<p>L&rsquo;ensemble est livr\u00e9 mont\u00e9\/c\u00e2bl\u00e9<\/p>\n<p>Les portes du coffret sont fix\u00e9es par visserie .<\/p>\n<p>Chaque borne est livr\u00e9e avec une <a href=\"crbst_file:\/\/Fiche_20Technique_20Borne_20-_20Site.pdf|win=new&amp;\">fiche d&rsquo;instruction<\/a> \u00e0 destination de l&rsquo;utilisateur.<\/p>\n<p><strong>Caract\u00e9ristiques m\u00e9canique :<\/strong><\/p>\n<p>Partie m\u00e9tallique de la borne \u00e9lectrique r\u00e9alis\u00e9e en acier 2mm.<\/p>\n<p>2 portes sur l\u2019arri\u00e8re donnent acc\u00e8s aux raccordements \u00e9lectriques et \u00e0 l&rsquo;installation g\u00e9n\u00e9rale de la borne.<\/p>\n<p>Fixation par 4 pattes \u00e0 sceller sur bloc de b\u00e9ton, inaccessible de l&rsquo;ext\u00e9rieur.<\/p>\n<p><strong>Traitement\/Protection\/Peinture<\/strong><\/p>\n<p>Traitement de la borne par 2 couches de traitement anti-corrosion + 2 couches de peinture polyur\u00e9thane.<\/p>\n<p>Couleur suivant RAL pr\u00e9cis\u00e9 par le client.<\/p>\n<p><a href=\"https:\/\/www.couleursral.fr\/ral-classic\">Choisissez votre RAL en cliquant sur ce lien<\/a><\/p>\n<p>&nbsp;<\/p>\n<p><strong>Options :<\/strong><\/p>\n<p><em>1 &#8211; Distribution d&rsquo;eau<\/em><\/p>\n<p>Des robinets de distribution d&rsquo;eau peuvent \u00eatre ajout\u00e9s en fonction de la demande client<\/p>\n<p><em>2 &#8211; Eclairage de balisage<\/em><\/p>\n<p>Possibilit\u00e9 d&rsquo;installer une applique en face avant de la borne, pour un \u00e9clairage de balisage de l&rsquo;espace.<\/p>\n<p>&nbsp;<\/p>\n","protected":false},"featured_media":733,"comment_status":"open","ping_status":"closed","template":"","meta":{"ocean_post_layout":"","ocean_both_sidebars_style":"","ocean_both_sidebars_content_width":0,"ocean_both_sidebars_sidebars_width":0,"ocean_sidebar":"0","ocean_second_sidebar":"0","ocean_disable_margins":"enable","ocean_add_body_class":"","ocean_shortcode_before_top_bar":"","ocean_shortcode_after_top_bar":"","ocean_shortcode_before_header":"","ocean_shortcode_after_header":"","ocean_has_shortcode":"","ocean_shortcode_after_title":"","ocean_shortcode_before_footer_widgets":"","ocean_shortcode_after_footer_widgets":"","ocean_shortcode_before_footer_bottom":"","ocean_shortcode_after_footer_bottom":"","ocean_display_top_bar":"default","ocean_display_header":"default","ocean_header_style":"","ocean_center_header_left_menu":"0","ocean_custom_header_template":"0","ocean_custom_logo":0,"ocean_custom_retina_logo":0,"ocean_custom_logo_max_width":0,"ocean_custom_logo_tablet_max_width":0,"ocean_custom_logo_mobile_max_width":0,"ocean_custom_logo_max_height":0,"ocean_custom_logo_tablet_max_height":0,"ocean_custom_logo_mobile_max_height":0,"ocean_header_custom_menu":"0","ocean_menu_typo_font_family":"0","ocean_menu_typo_font_subset":"","ocean_menu_typo_font_size":0,"ocean_menu_typo_font_size_tablet":0,"ocean_menu_typo_font_size_mobile":0,"ocean_menu_typo_font_size_unit":"px","ocean_menu_typo_font_weight":"","ocean_menu_typo_font_weight_tablet":"","ocean_menu_typo_font_weight_mobile":"","ocean_menu_typo_transform":"","ocean_menu_typo_transform_tablet":"","ocean_menu_typo_transform_mobile":"","ocean_menu_typo_line_height":0,"ocean_menu_typo_line_height_tablet":0,"ocean_menu_typo_line_height_mobile":0,"ocean_menu_typo_line_height_unit":"","ocean_menu_typo_spacing":0,"ocean_menu_typo_spacing_tablet":0,"ocean_menu_typo_spacing_mobile":0,"ocean_menu_typo_spacing_unit":"","ocean_menu_link_color":"","ocean_menu_link_color_hover":"","ocean_menu_link_color_active":"","ocean_menu_link_background":"","ocean_menu_link_hover_background":"","ocean_menu_link_active_background":"","ocean_menu_social_links_bg":"","ocean_menu_social_hover_links_bg":"","ocean_menu_social_links_color":"","ocean_menu_social_hover_links_color":"","ocean_disable_title":"default","ocean_disable_heading":"default","ocean_post_title":"","ocean_post_subheading":"","ocean_post_title_style":"","ocean_post_title_background_color":"","ocean_post_title_background":0,"ocean_post_title_bg_image_position":"","ocean_post_title_bg_image_attachment":"","ocean_post_title_bg_image_repeat":"","ocean_post_title_bg_image_size":"","ocean_post_title_height":0,"ocean_post_title_bg_overlay":0.5,"ocean_post_title_bg_overlay_color":"","ocean_disable_breadcrumbs":"default","ocean_breadcrumbs_color":"","ocean_breadcrumbs_separator_color":"","ocean_breadcrumbs_links_color":"","ocean_breadcrumbs_links_hover_color":"","ocean_display_footer_widgets":"default","ocean_display_footer_bottom":"default","ocean_custom_footer_template":"0"},"product_cat":[35,34],"product_tag":[],"class_list":{"0":"post-283","1":"product","2":"type-product","3":"status-publish","4":"has-post-thumbnail","5":"hentry","6":"product_cat-bornes-pour-collectivites-espace-public-marche","7":"product_cat-collectivites","9":"entry","10":"has-media","11":"owp-thumbs-layout-horizontal","12":"owp-btn-normal","13":"owp-tabs-layout-horizontal","14":"has-product-nav"},"yoast_head":"<!-- This site is optimized with the Yoast SEO plugin v23.1 - https:\/\/yoast.com\/wordpress\/plugins\/seo\/ -->\n<title>Borne collectivit\u00e9 -Dolomite Inondable pour pontons quai fluviale - Socabel conceptions \u00e9lectriques sur mesure<\/title>\n<meta name=\"description\" content=\"Borne collectivit\u00e9 Dolomite inondable - Toutes nos bornes \u00e9lectriques pour les collectivit\u00e9s Dolomite inondable sont \u00e9tudi\u00e9es, assembl\u00e9es et r\u00e9alis\u00e9es dans nos ateliers, en France.\" \/>\n<meta name=\"robots\" content=\"index, follow, max-snippet:-1, max-image-preview:large, max-video-preview:-1\" \/>\n<link rel=\"canonical\" href=\"https:\/\/www.socabel.fr\/index.php\/produit\/borne-collectivite-dolomite-inondable-pontons-quai-fluviale\/\" \/>\n<meta property=\"og:locale\" content=\"fr_FR\" \/>\n<meta property=\"og:type\" content=\"article\" \/>\n<meta property=\"og:title\" content=\"Borne collectivit\u00e9 -Dolomite Inondable pour pontons quai fluviale - Socabel conceptions \u00e9lectriques sur mesure\" \/>\n<meta property=\"og:description\" content=\"Borne collectivit\u00e9 Dolomite inondable - Toutes nos bornes \u00e9lectriques pour les collectivit\u00e9s Dolomite inondable sont \u00e9tudi\u00e9es, assembl\u00e9es et r\u00e9alis\u00e9es dans nos ateliers, en France.\" \/>\n<meta property=\"og:url\" content=\"https:\/\/www.socabel.fr\/index.php\/produit\/borne-collectivite-dolomite-inondable-pontons-quai-fluviale\/\" \/>\n<meta property=\"og:site_name\" content=\"Socabel conceptions \u00e9lectriques sur mesure\" \/>\n<meta property=\"article:modified_time\" content=\"2024-10-02T09:14:03+00:00\" \/>\n<meta property=\"og:image\" content=\"https:\/\/www.socabel.fr\/wp-content\/uploads\/2020\/01\/DOLOMITE_INONDABLE_00-768x1024.png\" \/>\n\t<meta property=\"og:image:width\" content=\"768\" \/>\n\t<meta property=\"og:image:height\" content=\"1024\" \/>\n\t<meta property=\"og:image:type\" content=\"image\/png\" \/>\n<meta name=\"twitter:card\" content=\"summary_large_image\" \/>\n<meta name=\"twitter:label1\" content=\"Dur\u00e9e de lecture estim\u00e9e\" \/>\n\t<meta name=\"twitter:data1\" content=\"1 minute\" \/>\n<script type=\"application\/ld+json\" class=\"yoast-schema-graph\">{\"@context\":\"https:\/\/schema.org\",\"@graph\":[{\"@type\":\"WebPage\",\"@id\":\"https:\/\/www.socabel.fr\/index.php\/produit\/borne-collectivite-dolomite-inondable-pontons-quai-fluviale\/\",\"url\":\"https:\/\/www.socabel.fr\/index.php\/produit\/borne-collectivite-dolomite-inondable-pontons-quai-fluviale\/\",\"name\":\"Borne collectivit\u00e9 -Dolomite Inondable pour pontons quai fluviale - Socabel conceptions \u00e9lectriques sur mesure\",\"isPartOf\":{\"@id\":\"https:\/\/www.socabel.fr\/#website\"},\"primaryImageOfPage\":{\"@id\":\"https:\/\/www.socabel.fr\/index.php\/produit\/borne-collectivite-dolomite-inondable-pontons-quai-fluviale\/#primaryimage\"},\"image\":{\"@id\":\"https:\/\/www.socabel.fr\/index.php\/produit\/borne-collectivite-dolomite-inondable-pontons-quai-fluviale\/#primaryimage\"},\"thumbnailUrl\":\"https:\/\/www.socabel.fr\/wp-content\/uploads\/2020\/01\/DOLOMITE_INONDABLE_00.png\",\"datePublished\":\"2020-01-21T14:02:38+00:00\",\"dateModified\":\"2024-10-02T09:14:03+00:00\",\"description\":\"Borne collectivit\u00e9 Dolomite inondable - Toutes nos bornes \u00e9lectriques pour les collectivit\u00e9s Dolomite inondable sont \u00e9tudi\u00e9es, assembl\u00e9es et r\u00e9alis\u00e9es dans nos ateliers, en France.\",\"breadcrumb\":{\"@id\":\"https:\/\/www.socabel.fr\/index.php\/produit\/borne-collectivite-dolomite-inondable-pontons-quai-fluviale\/#breadcrumb\"},\"inLanguage\":\"fr-FR\",\"potentialAction\":[{\"@type\":\"ReadAction\",\"target\":[\"https:\/\/www.socabel.fr\/index.php\/produit\/borne-collectivite-dolomite-inondable-pontons-quai-fluviale\/\"]}]},{\"@type\":\"ImageObject\",\"inLanguage\":\"fr-FR\",\"@id\":\"https:\/\/www.socabel.fr\/index.php\/produit\/borne-collectivite-dolomite-inondable-pontons-quai-fluviale\/#primaryimage\",\"url\":\"https:\/\/www.socabel.fr\/wp-content\/uploads\/2020\/01\/DOLOMITE_INONDABLE_00.png\",\"contentUrl\":\"https:\/\/www.socabel.fr\/wp-content\/uploads\/2020\/01\/DOLOMITE_INONDABLE_00.png\",\"width\":2448,\"height\":3264},{\"@type\":\"BreadcrumbList\",\"@id\":\"https:\/\/www.socabel.fr\/index.php\/produit\/borne-collectivite-dolomite-inondable-pontons-quai-fluviale\/#breadcrumb\",\"itemListElement\":[{\"@type\":\"ListItem\",\"position\":1,\"name\":\"Accueil\",\"item\":\"https:\/\/www.socabel.fr\/\"},{\"@type\":\"ListItem\",\"position\":2,\"name\":\"Boutique\",\"item\":\"https:\/\/www.socabel.fr\/index.php\/boutique\/\"},{\"@type\":\"ListItem\",\"position\":3,\"name\":\"Borne collectivit\u00e9 -Dolomite Inondable pour pontons quai fluviale\"}]},{\"@type\":\"WebSite\",\"@id\":\"https:\/\/www.socabel.fr\/#website\",\"url\":\"https:\/\/www.socabel.fr\/\",\"name\":\"Socabel conceptions \u00e9lectriques sur mesure\",\"description\":\"Notre savoir faire Fran\u00e7ais mis \u00e0 la disposition de nos clients qui peuvent personnaliser leurs demandes, sans impact sur les co\u00fbt et dans le respect absolu des d\u00e9lais de livraison annonc\u00e9.\",\"publisher\":{\"@id\":\"https:\/\/www.socabel.fr\/#organization\"},\"potentialAction\":[{\"@type\":\"SearchAction\",\"target\":{\"@type\":\"EntryPoint\",\"urlTemplate\":\"https:\/\/www.socabel.fr\/?s={search_term_string}\"},\"query-input\":\"required name=search_term_string\"}],\"inLanguage\":\"fr-FR\"},{\"@type\":\"Organization\",\"@id\":\"https:\/\/www.socabel.fr\/#organization\",\"name\":\"Socabel conceptions \u00e9lectriques sur mesure\",\"url\":\"https:\/\/www.socabel.fr\/\",\"logo\":{\"@type\":\"ImageObject\",\"inLanguage\":\"fr-FR\",\"@id\":\"https:\/\/www.socabel.fr\/#\/schema\/logo\/image\/\",\"url\":\"https:\/\/www.socabel.fr\/wp-content\/uploads\/2020\/02\/logo_200.png\",\"contentUrl\":\"https:\/\/www.socabel.fr\/wp-content\/uploads\/2020\/02\/logo_200.png\",\"width\":200,\"height\":50,\"caption\":\"Socabel conceptions \u00e9lectriques sur mesure\"},\"image\":{\"@id\":\"https:\/\/www.socabel.fr\/#\/schema\/logo\/image\/\"}}]}<\/script>\n<!-- \/ Yoast SEO plugin. -->","yoast_head_json":{"title":"Borne collectivit\u00e9 -Dolomite Inondable pour pontons quai fluviale - Socabel conceptions \u00e9lectriques sur mesure","description":"Borne collectivit\u00e9 Dolomite inondable - Toutes nos bornes \u00e9lectriques pour les collectivit\u00e9s Dolomite inondable sont \u00e9tudi\u00e9es, assembl\u00e9es et r\u00e9alis\u00e9es dans nos ateliers, en France.","robots":{"index":"index","follow":"follow","max-snippet":"max-snippet:-1","max-image-preview":"max-image-preview:large","max-video-preview":"max-video-preview:-1"},"canonical":"https:\/\/www.socabel.fr\/index.php\/produit\/borne-collectivite-dolomite-inondable-pontons-quai-fluviale\/","og_locale":"fr_FR","og_type":"article","og_title":"Borne collectivit\u00e9 -Dolomite Inondable pour pontons quai fluviale - Socabel conceptions \u00e9lectriques sur mesure","og_description":"Borne collectivit\u00e9 Dolomite inondable - Toutes nos bornes \u00e9lectriques pour les collectivit\u00e9s Dolomite inondable sont \u00e9tudi\u00e9es, assembl\u00e9es et r\u00e9alis\u00e9es dans nos ateliers, en France.","og_url":"https:\/\/www.socabel.fr\/index.php\/produit\/borne-collectivite-dolomite-inondable-pontons-quai-fluviale\/","og_site_name":"Socabel conceptions \u00e9lectriques sur mesure","article_modified_time":"2024-10-02T09:14:03+00:00","og_image":[{"width":768,"height":1024,"url":"https:\/\/www.socabel.fr\/wp-content\/uploads\/2020\/01\/DOLOMITE_INONDABLE_00-768x1024.png","type":"image\/png"}],"twitter_card":"summary_large_image","twitter_misc":{"Dur\u00e9e de lecture estim\u00e9e":"1 minute"},"schema":{"@context":"https:\/\/schema.org","@graph":[{"@type":"WebPage","@id":"https:\/\/www.socabel.fr\/index.php\/produit\/borne-collectivite-dolomite-inondable-pontons-quai-fluviale\/","url":"https:\/\/www.socabel.fr\/index.php\/produit\/borne-collectivite-dolomite-inondable-pontons-quai-fluviale\/","name":"Borne collectivit\u00e9 -Dolomite Inondable pour pontons quai fluviale - Socabel conceptions \u00e9lectriques sur mesure","isPartOf":{"@id":"https:\/\/www.socabel.fr\/#website"},"primaryImageOfPage":{"@id":"https:\/\/www.socabel.fr\/index.php\/produit\/borne-collectivite-dolomite-inondable-pontons-quai-fluviale\/#primaryimage"},"image":{"@id":"https:\/\/www.socabel.fr\/index.php\/produit\/borne-collectivite-dolomite-inondable-pontons-quai-fluviale\/#primaryimage"},"thumbnailUrl":"https:\/\/www.socabel.fr\/wp-content\/uploads\/2020\/01\/DOLOMITE_INONDABLE_00.png","datePublished":"2020-01-21T14:02:38+00:00","dateModified":"2024-10-02T09:14:03+00:00","description":"Borne collectivit\u00e9 Dolomite inondable - Toutes nos bornes \u00e9lectriques pour les collectivit\u00e9s Dolomite inondable sont \u00e9tudi\u00e9es, assembl\u00e9es et r\u00e9alis\u00e9es dans nos ateliers, en France.","breadcrumb":{"@id":"https:\/\/www.socabel.fr\/index.php\/produit\/borne-collectivite-dolomite-inondable-pontons-quai-fluviale\/#breadcrumb"},"inLanguage":"fr-FR","potentialAction":[{"@type":"ReadAction","target":["https:\/\/www.socabel.fr\/index.php\/produit\/borne-collectivite-dolomite-inondable-pontons-quai-fluviale\/"]}]},{"@type":"ImageObject","inLanguage":"fr-FR","@id":"https:\/\/www.socabel.fr\/index.php\/produit\/borne-collectivite-dolomite-inondable-pontons-quai-fluviale\/#primaryimage","url":"https:\/\/www.socabel.fr\/wp-content\/uploads\/2020\/01\/DOLOMITE_INONDABLE_00.png","contentUrl":"https:\/\/www.socabel.fr\/wp-content\/uploads\/2020\/01\/DOLOMITE_INONDABLE_00.png","width":2448,"height":3264},{"@type":"BreadcrumbList","@id":"https:\/\/www.socabel.fr\/index.php\/produit\/borne-collectivite-dolomite-inondable-pontons-quai-fluviale\/#breadcrumb","itemListElement":[{"@type":"ListItem","position":1,"name":"Accueil","item":"https:\/\/www.socabel.fr\/"},{"@type":"ListItem","position":2,"name":"Boutique","item":"https:\/\/www.socabel.fr\/index.php\/boutique\/"},{"@type":"ListItem","position":3,"name":"Borne collectivit\u00e9 -Dolomite Inondable pour pontons quai fluviale"}]},{"@type":"WebSite","@id":"https:\/\/www.socabel.fr\/#website","url":"https:\/\/www.socabel.fr\/","name":"Socabel conceptions \u00e9lectriques sur mesure","description":"Notre savoir faire Fran\u00e7ais mis \u00e0 la disposition de nos clients qui peuvent personnaliser leurs demandes, sans impact sur les co\u00fbt et dans le respect absolu des d\u00e9lais de livraison annonc\u00e9.","publisher":{"@id":"https:\/\/www.socabel.fr\/#organization"},"potentialAction":[{"@type":"SearchAction","target":{"@type":"EntryPoint","urlTemplate":"https:\/\/www.socabel.fr\/?s={search_term_string}"},"query-input":"required name=search_term_string"}],"inLanguage":"fr-FR"},{"@type":"Organization","@id":"https:\/\/www.socabel.fr\/#organization","name":"Socabel conceptions \u00e9lectriques sur mesure","url":"https:\/\/www.socabel.fr\/","logo":{"@type":"ImageObject","inLanguage":"fr-FR","@id":"https:\/\/www.socabel.fr\/#\/schema\/logo\/image\/","url":"https:\/\/www.socabel.fr\/wp-content\/uploads\/2020\/02\/logo_200.png","contentUrl":"https:\/\/www.socabel.fr\/wp-content\/uploads\/2020\/02\/logo_200.png","width":200,"height":50,"caption":"Socabel conceptions \u00e9lectriques sur mesure"},"image":{"@id":"https:\/\/www.socabel.fr\/#\/schema\/logo\/image\/"}}]}},"_links":{"self":[{"href":"https:\/\/www.socabel.fr\/index.php\/wp-json\/wp\/v2\/product\/283","targetHints":{"allow":["GET"]}}],"collection":[{"href":"https:\/\/www.socabel.fr\/index.php\/wp-json\/wp\/v2\/product"}],"about":[{"href":"https:\/\/www.socabel.fr\/index.php\/wp-json\/wp\/v2\/types\/product"}],"replies":[{"embeddable":true,"href":"https:\/\/www.socabel.fr\/index.php\/wp-json\/wp\/v2\/comments?post=283"}],"wp:featuredmedia":[{"embeddable":true,"href":"https:\/\/www.socabel.fr\/index.php\/wp-json\/wp\/v2\/media\/733"}],"wp:attachment":[{"href":"https:\/\/www.socabel.fr\/index.php\/wp-json\/wp\/v2\/media?parent=283"}],"wp:term":[{"taxonomy":"product_cat","embeddable":true,"href":"https:\/\/www.socabel.fr\/index.php\/wp-json\/wp\/v2\/product_cat?post=283"},{"taxonomy":"product_tag","embeddable":true,"href":"https:\/\/www.socabel.fr\/index.php\/wp-json\/wp\/v2\/product_tag?post=283"}],"curies":[{"name":"wp","href":"https:\/\/api.w.org\/{rel}","templated":true}]}}