{"id":287,"date":"2020-02-13T17:21:31","date_gmt":"2020-02-13T16:21:31","guid":{"rendered":"https:\/\/www.socabel.fr\/?post_type=product&#038;p=287"},"modified":"2020-09-28T19:16:02","modified_gmt":"2020-09-28T17:16:02","slug":"coffret-alimentation-electrique-collectivite-marche-forain-exposition","status":"publish","type":"product","link":"https:\/\/www.socabel.fr\/index.php\/produit\/coffret-alimentation-electrique-collectivite-marche-forain-exposition\/","title":{"rendered":"Coffret alimentation electrique  pour collectivit\u00e9 &#8211; March\u00e9 &#8211; Stand forain &#8211; Exposition"},"content":{"rendered":"<p align=\"center\"><strong>INFORMATION DE FABRICATION COFFRET D&rsquo;ALIMENTATION ELECTRIQUE POUR <\/strong><b>COLLECTIVIT\u00c9 &#8211;\u00a0 MARCHE &#8211; STAND FORAIN &#8211; EXPOSITION<\/b><\/p>\n<p>Tous nos coffrets d&rsquo;alimentation \u00e9lectriques pour les collectivit\u00e9 sont \u00e9tudi\u00e9s, assembl\u00e9s et r\u00e9alis\u00e9s dans nos ateliers, en France.<\/p>\n<p>Notre savoir faire nous permet de vous proposer des coffrets d&rsquo;alimentation pour des march\u00e9s, stands forains, halls d&rsquo;expositions ; sur mesure, adapt\u00e9s \u00e0 vos d\u00e9sirs et vos besoins.<\/p>\n<p>Toute demande est \u00e9tudi\u00e9e avec soin pour vous permettre de b\u00e9n\u00e9ficier d&rsquo;un produit de qualit\u00e9 au meilleur prix.<\/p>\n<p>&nbsp;<\/p>\n","protected":false},"excerpt":{"rendered":"<p style=\"text-align: center;\"><strong>DESCRIPTIF<\/strong><\/p>\n<p>&nbsp;<\/p>\n<p>Vos coffrets d&rsquo;alimentation \u00e9lectrique pour vos places de march\u00e9s arrivent en fin de vie, sont d\u00e9faillants ou ont besoins d&rsquo;\u00eatre remis aux normes ; nous pouvons vous faire b\u00e9n\u00e9ficier de notre savoir- faire.<\/p>\n<p>SOCABEL, une entreprise \u00e0 votre service, qui met un point d&rsquo;honneur \u00e0 vous proposer la meilleur solution pour r\u00e9pondre \u00e0 vos besoins tout en vous proposant les prix les plus justes.<\/p>\n<p>Tous nos produits sont \u00e9tudi\u00e9s sur mesure et conforme \u00e0 la norme NF C15 100.<\/p>\n<p>Coffret de distribution \u00e9lectrique pour march\u00e9, stand forain,salon, \u00e9v\u00e9nementiel,&#8230;<\/p>\n<p>Protection des personnes assur\u00e9es par 1 inter diff 30mA<\/p>\n<p>Protection des biens assur\u00e9s par 1 disjoncteur de 16A sur chaque prise de courant<\/p>\n<p>&nbsp;<\/p>\n<p><strong>DESCRIPTIF DU COFFRET<\/strong><\/p>\n<p>&#8212;&#8212;&#8212;&#8212;&#8212;&#8212;&#8212;&#8212;&#8212;&#8212;<\/p>\n<p>1 coffret \u00e9tanche IP55<\/p>\n<p>24 modules<\/p>\n<p>1 inter diff 63A 30mA type AC t\u00e9tra polaire<\/p>\n<p>6 disjoncteurs 16A<\/p>\n<p>6 prises de courants 10\/16A<\/p>\n<p>1 presse \u00e9toupe<\/p>\n<p>Bornier de raccordement 16\/25 mm\u00b2<\/p>\n<p>Fermeture du coffret \u00e0 cl\u00e9s limitant les acc\u00e8s aux prises de courant par des personnes non autoris\u00e9es et en p\u00e9riode de non utilisation.<\/p>\n<p>Coffret livr\u00e9 mont\u00e9\/c\u00e2bl\u00e9<\/p>\n<p>Ce coffret peut \u00eatre fixer au mur ou sur un support rond (par ex arbre) par des sangles en caoutchouc (non fournie)<\/p>\n<p>Mat\u00e9riel conforme \u00e0 la norme NF C 15 100<\/p>\n<p>Prix du coffret peut \u00eatre d\u00e9gressif en fonction du volume command\u00e9 (nous consulter)<\/p>\n<p>Demandez un DEVIS, r\u00e9ponse assur\u00e9e sous 48h00.<\/p>\n<p>&nbsp;<\/p>\n<p>&nbsp;<\/p>\n","protected":false},"featured_media":490,"comment_status":"open","ping_status":"closed","template":"","meta":{"ocean_post_layout":"","ocean_both_sidebars_style":"","ocean_both_sidebars_content_width":0,"ocean_both_sidebars_sidebars_width":0,"ocean_sidebar":"0","ocean_second_sidebar":"0","ocean_disable_margins":"enable","ocean_add_body_class":"","ocean_shortcode_before_top_bar":"","ocean_shortcode_after_top_bar":"","ocean_shortcode_before_header":"","ocean_shortcode_after_header":"","ocean_has_shortcode":"","ocean_shortcode_after_title":"","ocean_shortcode_before_footer_widgets":"","ocean_shortcode_after_footer_widgets":"","ocean_shortcode_before_footer_bottom":"","ocean_shortcode_after_footer_bottom":"","ocean_display_top_bar":"default","ocean_display_header":"default","ocean_header_style":"","ocean_center_header_left_menu":"0","ocean_custom_header_template":"0","ocean_custom_logo":0,"ocean_custom_retina_logo":0,"ocean_custom_logo_max_width":0,"ocean_custom_logo_tablet_max_width":0,"ocean_custom_logo_mobile_max_width":0,"ocean_custom_logo_max_height":0,"ocean_custom_logo_tablet_max_height":0,"ocean_custom_logo_mobile_max_height":0,"ocean_header_custom_menu":"0","ocean_menu_typo_font_family":"0","ocean_menu_typo_font_subset":"","ocean_menu_typo_font_size":0,"ocean_menu_typo_font_size_tablet":0,"ocean_menu_typo_font_size_mobile":0,"ocean_menu_typo_font_size_unit":"px","ocean_menu_typo_font_weight":"","ocean_menu_typo_font_weight_tablet":"","ocean_menu_typo_font_weight_mobile":"","ocean_menu_typo_transform":"","ocean_menu_typo_transform_tablet":"","ocean_menu_typo_transform_mobile":"","ocean_menu_typo_line_height":0,"ocean_menu_typo_line_height_tablet":0,"ocean_menu_typo_line_height_mobile":0,"ocean_menu_typo_line_height_unit":"","ocean_menu_typo_spacing":0,"ocean_menu_typo_spacing_tablet":0,"ocean_menu_typo_spacing_mobile":0,"ocean_menu_typo_spacing_unit":"","ocean_menu_link_color":"","ocean_menu_link_color_hover":"","ocean_menu_link_color_active":"","ocean_menu_link_background":"","ocean_menu_link_hover_background":"","ocean_menu_link_active_background":"","ocean_menu_social_links_bg":"","ocean_menu_social_hover_links_bg":"","ocean_menu_social_links_color":"","ocean_menu_social_hover_links_color":"","ocean_disable_title":"default","ocean_disable_heading":"default","ocean_post_title":"","ocean_post_subheading":"","ocean_post_title_style":"","ocean_post_title_background_color":"","ocean_post_title_background":0,"ocean_post_title_bg_image_position":"","ocean_post_title_bg_image_attachment":"","ocean_post_title_bg_image_repeat":"","ocean_post_title_bg_image_size":"","ocean_post_title_height":0,"ocean_post_title_bg_overlay":0.5,"ocean_post_title_bg_overlay_color":"","ocean_disable_breadcrumbs":"default","ocean_breadcrumbs_color":"","ocean_breadcrumbs_separator_color":"","ocean_breadcrumbs_links_color":"","ocean_breadcrumbs_links_hover_color":"","ocean_display_footer_widgets":"default","ocean_display_footer_bottom":"default","ocean_custom_footer_template":"0"},"product_cat":[36,34],"product_tag":[],"class_list":{"0":"post-287","1":"product","2":"type-product","3":"status-publish","4":"has-post-thumbnail","5":"hentry","6":"product_cat-coffrets-pour-collectivites-marche","7":"product_cat-collectivites","9":"entry","10":"has-media","11":"owp-thumbs-layout-horizontal","12":"owp-btn-normal","13":"owp-tabs-layout-horizontal","14":"has-product-nav"},"yoast_head":"<!-- This site is optimized with the Yoast SEO plugin v23.1 - https:\/\/yoast.com\/wordpress\/plugins\/seo\/ -->\n<title>Coffret alimentation electrique pour collectivit\u00e9 - March\u00e9 - Stand forain - Exposition - Socabel conceptions \u00e9lectriques sur mesure<\/title>\n<meta name=\"description\" content=\"Coffret d&#039;alimentation electrique pour les collectivit\u00e9es, \u00e0 destination des march\u00e9s, stands forains, halls d&#039;exposition,... - Tous nos coffrets \u00e9lectriques pour les collectivit\u00e9s sont \u00e9tudi\u00e9s, assembl\u00e9s et r\u00e9alis\u00e9s dans nos ateliers, Made in France.\" \/>\n<meta name=\"robots\" content=\"index, follow, max-snippet:-1, max-image-preview:large, max-video-preview:-1\" \/>\n<link rel=\"canonical\" href=\"https:\/\/www.socabel.fr\/index.php\/produit\/coffret-alimentation-electrique-collectivite-marche-forain-exposition\/\" \/>\n<meta property=\"og:locale\" content=\"fr_FR\" \/>\n<meta property=\"og:type\" content=\"article\" \/>\n<meta property=\"og:title\" content=\"Coffret alimentation electrique pour collectivit\u00e9 - March\u00e9 - Stand forain - Exposition - Socabel conceptions \u00e9lectriques sur mesure\" \/>\n<meta property=\"og:description\" content=\"Coffret d&#039;alimentation electrique pour les collectivit\u00e9es, \u00e0 destination des march\u00e9s, stands forains, halls d&#039;exposition,... - Tous nos coffrets \u00e9lectriques pour les collectivit\u00e9s sont \u00e9tudi\u00e9s, assembl\u00e9s et r\u00e9alis\u00e9s dans nos ateliers, Made in France.\" \/>\n<meta property=\"og:url\" content=\"https:\/\/www.socabel.fr\/index.php\/produit\/coffret-alimentation-electrique-collectivite-marche-forain-exposition\/\" \/>\n<meta property=\"og:site_name\" content=\"Socabel conceptions \u00e9lectriques sur mesure\" \/>\n<meta property=\"article:modified_time\" content=\"2020-09-28T17:16:02+00:00\" \/>\n<meta property=\"og:image\" content=\"https:\/\/www.socabel.fr\/wp-content\/uploads\/2020\/02\/Coffret-pour-Marche-Vue-principale.jpg\" \/>\n\t<meta property=\"og:image:width\" content=\"800\" \/>\n\t<meta property=\"og:image:height\" content=\"1200\" \/>\n\t<meta property=\"og:image:type\" content=\"image\/jpeg\" \/>\n<meta name=\"twitter:card\" content=\"summary_large_image\" \/>\n<script type=\"application\/ld+json\" class=\"yoast-schema-graph\">{\"@context\":\"https:\/\/schema.org\",\"@graph\":[{\"@type\":\"WebPage\",\"@id\":\"https:\/\/www.socabel.fr\/index.php\/produit\/coffret-alimentation-electrique-collectivite-marche-forain-exposition\/\",\"url\":\"https:\/\/www.socabel.fr\/index.php\/produit\/coffret-alimentation-electrique-collectivite-marche-forain-exposition\/\",\"name\":\"Coffret alimentation electrique pour collectivit\u00e9 - March\u00e9 - Stand forain - Exposition - Socabel conceptions \u00e9lectriques sur mesure\",\"isPartOf\":{\"@id\":\"https:\/\/www.socabel.fr\/#website\"},\"primaryImageOfPage\":{\"@id\":\"https:\/\/www.socabel.fr\/index.php\/produit\/coffret-alimentation-electrique-collectivite-marche-forain-exposition\/#primaryimage\"},\"image\":{\"@id\":\"https:\/\/www.socabel.fr\/index.php\/produit\/coffret-alimentation-electrique-collectivite-marche-forain-exposition\/#primaryimage\"},\"thumbnailUrl\":\"https:\/\/www.socabel.fr\/wp-content\/uploads\/2020\/02\/Coffret-pour-Marche-Vue-principale.jpg\",\"datePublished\":\"2020-02-13T16:21:31+00:00\",\"dateModified\":\"2020-09-28T17:16:02+00:00\",\"description\":\"Coffret d'alimentation electrique pour les collectivit\u00e9es, \u00e0 destination des march\u00e9s, stands forains, halls d'exposition,... - Tous nos coffrets \u00e9lectriques pour les collectivit\u00e9s sont \u00e9tudi\u00e9s, assembl\u00e9s et r\u00e9alis\u00e9s dans nos ateliers, Made in France.\",\"breadcrumb\":{\"@id\":\"https:\/\/www.socabel.fr\/index.php\/produit\/coffret-alimentation-electrique-collectivite-marche-forain-exposition\/#breadcrumb\"},\"inLanguage\":\"fr-FR\",\"potentialAction\":[{\"@type\":\"ReadAction\",\"target\":[\"https:\/\/www.socabel.fr\/index.php\/produit\/coffret-alimentation-electrique-collectivite-marche-forain-exposition\/\"]}]},{\"@type\":\"ImageObject\",\"inLanguage\":\"fr-FR\",\"@id\":\"https:\/\/www.socabel.fr\/index.php\/produit\/coffret-alimentation-electrique-collectivite-marche-forain-exposition\/#primaryimage\",\"url\":\"https:\/\/www.socabel.fr\/wp-content\/uploads\/2020\/02\/Coffret-pour-Marche-Vue-principale.jpg\",\"contentUrl\":\"https:\/\/www.socabel.fr\/wp-content\/uploads\/2020\/02\/Coffret-pour-Marche-Vue-principale.jpg\",\"width\":800,\"height\":1200,\"caption\":\"Coffret alimentation \u00e9lectrique \u00e9tanche - Pour march\u00e9 \/ Stand d'exposition\"},{\"@type\":\"BreadcrumbList\",\"@id\":\"https:\/\/www.socabel.fr\/index.php\/produit\/coffret-alimentation-electrique-collectivite-marche-forain-exposition\/#breadcrumb\",\"itemListElement\":[{\"@type\":\"ListItem\",\"position\":1,\"name\":\"Accueil\",\"item\":\"https:\/\/www.socabel.fr\/\"},{\"@type\":\"ListItem\",\"position\":2,\"name\":\"Boutique\",\"item\":\"https:\/\/www.socabel.fr\/index.php\/boutique\/\"},{\"@type\":\"ListItem\",\"position\":3,\"name\":\"Coffret alimentation electrique pour collectivit\u00e9 &#8211; March\u00e9 &#8211; Stand forain &#8211; Exposition\"}]},{\"@type\":\"WebSite\",\"@id\":\"https:\/\/www.socabel.fr\/#website\",\"url\":\"https:\/\/www.socabel.fr\/\",\"name\":\"Socabel conceptions \u00e9lectriques sur mesure\",\"description\":\"Notre savoir faire Fran\u00e7ais mis \u00e0 la disposition de nos clients qui peuvent personnaliser leurs demandes, sans impact sur les co\u00fbt et dans le respect absolu des d\u00e9lais de livraison annonc\u00e9.\",\"publisher\":{\"@id\":\"https:\/\/www.socabel.fr\/#organization\"},\"potentialAction\":[{\"@type\":\"SearchAction\",\"target\":{\"@type\":\"EntryPoint\",\"urlTemplate\":\"https:\/\/www.socabel.fr\/?s={search_term_string}\"},\"query-input\":\"required name=search_term_string\"}],\"inLanguage\":\"fr-FR\"},{\"@type\":\"Organization\",\"@id\":\"https:\/\/www.socabel.fr\/#organization\",\"name\":\"Socabel conceptions \u00e9lectriques sur mesure\",\"url\":\"https:\/\/www.socabel.fr\/\",\"logo\":{\"@type\":\"ImageObject\",\"inLanguage\":\"fr-FR\",\"@id\":\"https:\/\/www.socabel.fr\/#\/schema\/logo\/image\/\",\"url\":\"https:\/\/www.socabel.fr\/wp-content\/uploads\/2020\/02\/logo_200.png\",\"contentUrl\":\"https:\/\/www.socabel.fr\/wp-content\/uploads\/2020\/02\/logo_200.png\",\"width\":200,\"height\":50,\"caption\":\"Socabel conceptions \u00e9lectriques sur mesure\"},\"image\":{\"@id\":\"https:\/\/www.socabel.fr\/#\/schema\/logo\/image\/\"}}]}<\/script>\n<!-- \/ Yoast SEO plugin. -->","yoast_head_json":{"title":"Coffret alimentation electrique pour collectivit\u00e9 - March\u00e9 - Stand forain - Exposition - Socabel conceptions \u00e9lectriques sur mesure","description":"Coffret d'alimentation electrique pour les collectivit\u00e9es, \u00e0 destination des march\u00e9s, stands forains, halls d'exposition,... - Tous nos coffrets \u00e9lectriques pour les collectivit\u00e9s sont \u00e9tudi\u00e9s, assembl\u00e9s et r\u00e9alis\u00e9s dans nos ateliers, Made in France.","robots":{"index":"index","follow":"follow","max-snippet":"max-snippet:-1","max-image-preview":"max-image-preview:large","max-video-preview":"max-video-preview:-1"},"canonical":"https:\/\/www.socabel.fr\/index.php\/produit\/coffret-alimentation-electrique-collectivite-marche-forain-exposition\/","og_locale":"fr_FR","og_type":"article","og_title":"Coffret alimentation electrique pour collectivit\u00e9 - March\u00e9 - Stand forain - Exposition - Socabel conceptions \u00e9lectriques sur mesure","og_description":"Coffret d'alimentation electrique pour les collectivit\u00e9es, \u00e0 destination des march\u00e9s, stands forains, halls d'exposition,... - Tous nos coffrets \u00e9lectriques pour les collectivit\u00e9s sont \u00e9tudi\u00e9s, assembl\u00e9s et r\u00e9alis\u00e9s dans nos ateliers, Made in France.","og_url":"https:\/\/www.socabel.fr\/index.php\/produit\/coffret-alimentation-electrique-collectivite-marche-forain-exposition\/","og_site_name":"Socabel conceptions \u00e9lectriques sur mesure","article_modified_time":"2020-09-28T17:16:02+00:00","og_image":[{"width":800,"height":1200,"url":"https:\/\/www.socabel.fr\/wp-content\/uploads\/2020\/02\/Coffret-pour-Marche-Vue-principale.jpg","type":"image\/jpeg"}],"twitter_card":"summary_large_image","schema":{"@context":"https:\/\/schema.org","@graph":[{"@type":"WebPage","@id":"https:\/\/www.socabel.fr\/index.php\/produit\/coffret-alimentation-electrique-collectivite-marche-forain-exposition\/","url":"https:\/\/www.socabel.fr\/index.php\/produit\/coffret-alimentation-electrique-collectivite-marche-forain-exposition\/","name":"Coffret alimentation electrique pour collectivit\u00e9 - March\u00e9 - Stand forain - Exposition - Socabel conceptions \u00e9lectriques sur mesure","isPartOf":{"@id":"https:\/\/www.socabel.fr\/#website"},"primaryImageOfPage":{"@id":"https:\/\/www.socabel.fr\/index.php\/produit\/coffret-alimentation-electrique-collectivite-marche-forain-exposition\/#primaryimage"},"image":{"@id":"https:\/\/www.socabel.fr\/index.php\/produit\/coffret-alimentation-electrique-collectivite-marche-forain-exposition\/#primaryimage"},"thumbnailUrl":"https:\/\/www.socabel.fr\/wp-content\/uploads\/2020\/02\/Coffret-pour-Marche-Vue-principale.jpg","datePublished":"2020-02-13T16:21:31+00:00","dateModified":"2020-09-28T17:16:02+00:00","description":"Coffret d'alimentation electrique pour les collectivit\u00e9es, \u00e0 destination des march\u00e9s, stands forains, halls d'exposition,... - Tous nos coffrets \u00e9lectriques pour les collectivit\u00e9s sont \u00e9tudi\u00e9s, assembl\u00e9s et r\u00e9alis\u00e9s dans nos ateliers, Made in France.","breadcrumb":{"@id":"https:\/\/www.socabel.fr\/index.php\/produit\/coffret-alimentation-electrique-collectivite-marche-forain-exposition\/#breadcrumb"},"inLanguage":"fr-FR","potentialAction":[{"@type":"ReadAction","target":["https:\/\/www.socabel.fr\/index.php\/produit\/coffret-alimentation-electrique-collectivite-marche-forain-exposition\/"]}]},{"@type":"ImageObject","inLanguage":"fr-FR","@id":"https:\/\/www.socabel.fr\/index.php\/produit\/coffret-alimentation-electrique-collectivite-marche-forain-exposition\/#primaryimage","url":"https:\/\/www.socabel.fr\/wp-content\/uploads\/2020\/02\/Coffret-pour-Marche-Vue-principale.jpg","contentUrl":"https:\/\/www.socabel.fr\/wp-content\/uploads\/2020\/02\/Coffret-pour-Marche-Vue-principale.jpg","width":800,"height":1200,"caption":"Coffret alimentation \u00e9lectrique \u00e9tanche - Pour march\u00e9 \/ Stand d'exposition"},{"@type":"BreadcrumbList","@id":"https:\/\/www.socabel.fr\/index.php\/produit\/coffret-alimentation-electrique-collectivite-marche-forain-exposition\/#breadcrumb","itemListElement":[{"@type":"ListItem","position":1,"name":"Accueil","item":"https:\/\/www.socabel.fr\/"},{"@type":"ListItem","position":2,"name":"Boutique","item":"https:\/\/www.socabel.fr\/index.php\/boutique\/"},{"@type":"ListItem","position":3,"name":"Coffret alimentation electrique pour collectivit\u00e9 &#8211; March\u00e9 &#8211; Stand forain &#8211; Exposition"}]},{"@type":"WebSite","@id":"https:\/\/www.socabel.fr\/#website","url":"https:\/\/www.socabel.fr\/","name":"Socabel conceptions \u00e9lectriques sur mesure","description":"Notre savoir faire Fran\u00e7ais mis \u00e0 la disposition de nos clients qui peuvent personnaliser leurs demandes, sans impact sur les co\u00fbt et dans le respect absolu des d\u00e9lais de livraison annonc\u00e9.","publisher":{"@id":"https:\/\/www.socabel.fr\/#organization"},"potentialAction":[{"@type":"SearchAction","target":{"@type":"EntryPoint","urlTemplate":"https:\/\/www.socabel.fr\/?s={search_term_string}"},"query-input":"required name=search_term_string"}],"inLanguage":"fr-FR"},{"@type":"Organization","@id":"https:\/\/www.socabel.fr\/#organization","name":"Socabel conceptions \u00e9lectriques sur mesure","url":"https:\/\/www.socabel.fr\/","logo":{"@type":"ImageObject","inLanguage":"fr-FR","@id":"https:\/\/www.socabel.fr\/#\/schema\/logo\/image\/","url":"https:\/\/www.socabel.fr\/wp-content\/uploads\/2020\/02\/logo_200.png","contentUrl":"https:\/\/www.socabel.fr\/wp-content\/uploads\/2020\/02\/logo_200.png","width":200,"height":50,"caption":"Socabel conceptions \u00e9lectriques sur mesure"},"image":{"@id":"https:\/\/www.socabel.fr\/#\/schema\/logo\/image\/"}}]}},"_links":{"self":[{"href":"https:\/\/www.socabel.fr\/index.php\/wp-json\/wp\/v2\/product\/287","targetHints":{"allow":["GET"]}}],"collection":[{"href":"https:\/\/www.socabel.fr\/index.php\/wp-json\/wp\/v2\/product"}],"about":[{"href":"https:\/\/www.socabel.fr\/index.php\/wp-json\/wp\/v2\/types\/product"}],"replies":[{"embeddable":true,"href":"https:\/\/www.socabel.fr\/index.php\/wp-json\/wp\/v2\/comments?post=287"}],"wp:featuredmedia":[{"embeddable":true,"href":"https:\/\/www.socabel.fr\/index.php\/wp-json\/wp\/v2\/media\/490"}],"wp:attachment":[{"href":"https:\/\/www.socabel.fr\/index.php\/wp-json\/wp\/v2\/media?parent=287"}],"wp:term":[{"taxonomy":"product_cat","embeddable":true,"href":"https:\/\/www.socabel.fr\/index.php\/wp-json\/wp\/v2\/product_cat?post=287"},{"taxonomy":"product_tag","embeddable":true,"href":"https:\/\/www.socabel.fr\/index.php\/wp-json\/wp\/v2\/product_tag?post=287"}],"curies":[{"name":"wp","href":"https:\/\/api.w.org\/{rel}","templated":true}]}}