{"id":480,"date":"2020-09-27T10:13:39","date_gmt":"2020-09-27T08:13:39","guid":{"rendered":"https:\/\/www.socabel.fr\/?post_type=product&#038;p=480"},"modified":"2024-09-27T15:36:48","modified_gmt":"2024-09-27T13:36:48","slug":"station-de-recharge-electrique-velo-trottinette-scooter-alimentation-mono-face","status":"publish","type":"product","link":"https:\/\/www.socabel.fr\/index.php\/produit\/station-de-recharge-electrique-velo-trottinette-scooter-alimentation-mono-face\/","title":{"rendered":"STATION DE RECHARGE ELECTRIQUE &#8211; VELO\/TROTTINETTE\/SCOOTER &#8211; SIMPLE"},"content":{"rendered":"<p align=\"center\"><b>INFORMATION DE FABRICATION STATION DE RECHARGE ELECTRIQUE pour VELO &#8211; TROTTINETTE &#8211; SCOOTER<\/b><\/p>\n<p>Tous nos produits sont \u00e9tudi\u00e9es, assembl\u00e9es et r\u00e9alis\u00e9es dans nos ateliers, en France.<\/p>\n<p>Notre savoir faire nous permet de vous proposer des station de recharge \u00e9lectrique pour v\u00e9lo, trottinette ou Scooter sur mesure, adapt\u00e9s \u00e0 vos d\u00e9sirs et vos besoins.<\/p>\n<p>Toute demande est \u00e9tudi\u00e9e avec soin pour vous permettre de b\u00e9n\u00e9ficier d\u2019un produit de qualit\u00e9 au meilleur prix.<\/p>\n","protected":false},"excerpt":{"rendered":"<p style=\"text-align: center;\"><strong>DESCRIPTION<\/strong><\/p>\n<p>Cette station de recharge \u00e9lectrique mono face est \u00e9quip\u00e9e pour le rechargement de v\u00e9hicules \u00e9lectriques type V\u00e9los, Trottinettes, Scooter,&#8230;.<\/p>\n<p>Etude, r\u00e9alisation et assemblage, Made in France<\/p>\n<p><strong>De construction robuste :<\/strong><\/p>\n<p>poutre en acier de 5mm pour le support de prises,<\/p>\n<p>t\u00f4le de 2 mm pour la centrale de paiement\/commande<\/p>\n<p><strong>L&rsquo;ensemble peint :<\/strong><\/p>\n<p>1 couche d&rsquo;antirouille<\/p>\n<p>2 couches de peinture polyur\u00e9thane.<\/p>\n<p><strong> Equipements \u00e9lectriques<\/strong><\/p>\n<p>1 interrupteur diff\u00e9rentiel 63A type AC 30mA<\/p>\n<p>7 disjoncteurs 16A (1 par prise)<\/p>\n<p>7 prises NF 16A IP54 IK08<\/p>\n<p><strong>Informations compl\u00e9mentaires<\/strong><\/p>\n<ul>\n<li>La station peut \u00eatre \u00e9quip\u00e9e d&rsquo;un syst\u00e8me de payement (en option) :<\/li>\n<\/ul>\n<p>En esp\u00e8ce (euros),<\/p>\n<p>Cartes programmable RFID,<\/p>\n<p>Payement via smart phone.<\/p>\n<ul>\n<li>Installation simple par scellement d&rsquo;ancrage au sol (non accessible par l&rsquo;utilisateur, acc\u00e8s uniquement pour l&rsquo;installateur).<\/li>\n<li>\u00a0La borne peut \u00eatre \u00e9quip\u00e9 d&rsquo;un syst\u00e8me antivol.<\/li>\n<\/ul>\n<p>&nbsp;<\/p>\n<p>Nous contacter pour un devis personnalis\u00e9.<\/p>\n","protected":false},"featured_media":691,"comment_status":"open","ping_status":"closed","template":"","meta":{"ocean_post_layout":"","ocean_both_sidebars_style":"","ocean_both_sidebars_content_width":0,"ocean_both_sidebars_sidebars_width":0,"ocean_sidebar":"0","ocean_second_sidebar":"0","ocean_disable_margins":"enable","ocean_add_body_class":"","ocean_shortcode_before_top_bar":"","ocean_shortcode_after_top_bar":"","ocean_shortcode_before_header":"","ocean_shortcode_after_header":"","ocean_has_shortcode":"","ocean_shortcode_after_title":"","ocean_shortcode_before_footer_widgets":"","ocean_shortcode_after_footer_widgets":"","ocean_shortcode_before_footer_bottom":"","ocean_shortcode_after_footer_bottom":"","ocean_display_top_bar":"default","ocean_display_header":"default","ocean_header_style":"","ocean_center_header_left_menu":"0","ocean_custom_header_template":"0","ocean_custom_logo":0,"ocean_custom_retina_logo":0,"ocean_custom_logo_max_width":0,"ocean_custom_logo_tablet_max_width":0,"ocean_custom_logo_mobile_max_width":0,"ocean_custom_logo_max_height":0,"ocean_custom_logo_tablet_max_height":0,"ocean_custom_logo_mobile_max_height":0,"ocean_header_custom_menu":"0","ocean_menu_typo_font_family":"0","ocean_menu_typo_font_subset":"","ocean_menu_typo_font_size":0,"ocean_menu_typo_font_size_tablet":0,"ocean_menu_typo_font_size_mobile":0,"ocean_menu_typo_font_size_unit":"px","ocean_menu_typo_font_weight":"","ocean_menu_typo_font_weight_tablet":"","ocean_menu_typo_font_weight_mobile":"","ocean_menu_typo_transform":"","ocean_menu_typo_transform_tablet":"","ocean_menu_typo_transform_mobile":"","ocean_menu_typo_line_height":0,"ocean_menu_typo_line_height_tablet":0,"ocean_menu_typo_line_height_mobile":0,"ocean_menu_typo_line_height_unit":"","ocean_menu_typo_spacing":0,"ocean_menu_typo_spacing_tablet":0,"ocean_menu_typo_spacing_mobile":0,"ocean_menu_typo_spacing_unit":"","ocean_menu_link_color":"","ocean_menu_link_color_hover":"","ocean_menu_link_color_active":"","ocean_menu_link_background":"","ocean_menu_link_hover_background":"","ocean_menu_link_active_background":"","ocean_menu_social_links_bg":"","ocean_menu_social_hover_links_bg":"","ocean_menu_social_links_color":"","ocean_menu_social_hover_links_color":"","ocean_disable_title":"default","ocean_disable_heading":"default","ocean_post_title":"","ocean_post_subheading":"","ocean_post_title_style":"","ocean_post_title_background_color":"","ocean_post_title_background":0,"ocean_post_title_bg_image_position":"","ocean_post_title_bg_image_attachment":"","ocean_post_title_bg_image_repeat":"","ocean_post_title_bg_image_size":"","ocean_post_title_height":0,"ocean_post_title_bg_overlay":0.5,"ocean_post_title_bg_overlay_color":"","ocean_disable_breadcrumbs":"default","ocean_breadcrumbs_color":"","ocean_breadcrumbs_separator_color":"","ocean_breadcrumbs_links_color":"","ocean_breadcrumbs_links_hover_color":"","ocean_display_footer_widgets":"default","ocean_display_footer_bottom":"default","ocean_custom_footer_template":"0"},"product_cat":[47],"product_tag":[],"class_list":{"0":"post-480","1":"product","2":"type-product","3":"status-publish","4":"has-post-thumbnail","5":"hentry","6":"product_cat-station-chargement-velo-trottinette-scooter","8":"entry","9":"has-media","10":"owp-thumbs-layout-horizontal","11":"owp-btn-normal","12":"owp-tabs-layout-horizontal","13":"has-product-nav"},"yoast_head":"<!-- This site is optimized with the Yoast SEO plugin v23.1 - https:\/\/yoast.com\/wordpress\/plugins\/seo\/ -->\n<title>STATION DE RECHARGE ELECTRIQUE - VELO\/TROTTINETTE\/SCOOTER - SIMPLE - Socabel conceptions \u00e9lectriques sur mesure<\/title>\n<meta name=\"description\" content=\"Station de recharge \u00e9lectrique pour v\u00e9lo - trottinette - scooter, \u00e0 installer en int\u00e9rieur ou ext\u00e9rieur. Id\u00e9ale pour les collectivit\u00e9s, les entreprises, la grande distribution. Nos stations de recharge sont \u00e9tudi\u00e9es, r\u00e9alis\u00e9es et assembl\u00e9es Made in France.\" \/>\n<meta name=\"robots\" content=\"index, follow, max-snippet:-1, max-image-preview:large, max-video-preview:-1\" \/>\n<link rel=\"canonical\" href=\"https:\/\/www.socabel.fr\/index.php\/produit\/station-de-recharge-electrique-velo-trottinette-scooter-alimentation-mono-face\/\" \/>\n<meta property=\"og:locale\" content=\"fr_FR\" \/>\n<meta property=\"og:type\" content=\"article\" \/>\n<meta property=\"og:title\" content=\"STATION DE RECHARGE ELECTRIQUE - VELO\/TROTTINETTE\/SCOOTER - SIMPLE - Socabel conceptions \u00e9lectriques sur mesure\" \/>\n<meta property=\"og:description\" content=\"Station de recharge \u00e9lectrique pour v\u00e9lo - trottinette - scooter, \u00e0 installer en int\u00e9rieur ou ext\u00e9rieur. Id\u00e9ale pour les collectivit\u00e9s, les entreprises, la grande distribution. Nos stations de recharge sont \u00e9tudi\u00e9es, r\u00e9alis\u00e9es et assembl\u00e9es Made in France.\" \/>\n<meta property=\"og:url\" content=\"https:\/\/www.socabel.fr\/index.php\/produit\/station-de-recharge-electrique-velo-trottinette-scooter-alimentation-mono-face\/\" \/>\n<meta property=\"og:site_name\" content=\"Socabel conceptions \u00e9lectriques sur mesure\" \/>\n<meta property=\"article:modified_time\" content=\"2024-09-27T13:36:48+00:00\" \/>\n<meta property=\"og:image\" content=\"https:\/\/www.socabel.fr\/wp-content\/uploads\/2020\/09\/STATION_SIMPLE_00-1024x768.png\" \/>\n\t<meta property=\"og:image:width\" content=\"1024\" \/>\n\t<meta property=\"og:image:height\" content=\"768\" \/>\n\t<meta property=\"og:image:type\" content=\"image\/png\" \/>\n<meta name=\"twitter:card\" content=\"summary_large_image\" \/>\n<meta name=\"twitter:label1\" content=\"Dur\u00e9e de lecture estim\u00e9e\" \/>\n\t<meta name=\"twitter:data1\" content=\"1 minute\" \/>\n<script type=\"application\/ld+json\" class=\"yoast-schema-graph\">{\"@context\":\"https:\/\/schema.org\",\"@graph\":[{\"@type\":\"WebPage\",\"@id\":\"https:\/\/www.socabel.fr\/index.php\/produit\/station-de-recharge-electrique-velo-trottinette-scooter-alimentation-mono-face\/\",\"url\":\"https:\/\/www.socabel.fr\/index.php\/produit\/station-de-recharge-electrique-velo-trottinette-scooter-alimentation-mono-face\/\",\"name\":\"STATION DE RECHARGE ELECTRIQUE - VELO\/TROTTINETTE\/SCOOTER - SIMPLE - Socabel conceptions \u00e9lectriques sur mesure\",\"isPartOf\":{\"@id\":\"https:\/\/www.socabel.fr\/#website\"},\"primaryImageOfPage\":{\"@id\":\"https:\/\/www.socabel.fr\/index.php\/produit\/station-de-recharge-electrique-velo-trottinette-scooter-alimentation-mono-face\/#primaryimage\"},\"image\":{\"@id\":\"https:\/\/www.socabel.fr\/index.php\/produit\/station-de-recharge-electrique-velo-trottinette-scooter-alimentation-mono-face\/#primaryimage\"},\"thumbnailUrl\":\"https:\/\/www.socabel.fr\/wp-content\/uploads\/2020\/09\/STATION_SIMPLE_00.png\",\"datePublished\":\"2020-09-27T08:13:39+00:00\",\"dateModified\":\"2024-09-27T13:36:48+00:00\",\"description\":\"Station de recharge \u00e9lectrique pour v\u00e9lo - trottinette - scooter, \u00e0 installer en int\u00e9rieur ou ext\u00e9rieur. Id\u00e9ale pour les collectivit\u00e9s, les entreprises, la grande distribution. Nos stations de recharge sont \u00e9tudi\u00e9es, r\u00e9alis\u00e9es et assembl\u00e9es Made in France.\",\"breadcrumb\":{\"@id\":\"https:\/\/www.socabel.fr\/index.php\/produit\/station-de-recharge-electrique-velo-trottinette-scooter-alimentation-mono-face\/#breadcrumb\"},\"inLanguage\":\"fr-FR\",\"potentialAction\":[{\"@type\":\"ReadAction\",\"target\":[\"https:\/\/www.socabel.fr\/index.php\/produit\/station-de-recharge-electrique-velo-trottinette-scooter-alimentation-mono-face\/\"]}]},{\"@type\":\"ImageObject\",\"inLanguage\":\"fr-FR\",\"@id\":\"https:\/\/www.socabel.fr\/index.php\/produit\/station-de-recharge-electrique-velo-trottinette-scooter-alimentation-mono-face\/#primaryimage\",\"url\":\"https:\/\/www.socabel.fr\/wp-content\/uploads\/2020\/09\/STATION_SIMPLE_00.png\",\"contentUrl\":\"https:\/\/www.socabel.fr\/wp-content\/uploads\/2020\/09\/STATION_SIMPLE_00.png\",\"width\":3264,\"height\":2448},{\"@type\":\"BreadcrumbList\",\"@id\":\"https:\/\/www.socabel.fr\/index.php\/produit\/station-de-recharge-electrique-velo-trottinette-scooter-alimentation-mono-face\/#breadcrumb\",\"itemListElement\":[{\"@type\":\"ListItem\",\"position\":1,\"name\":\"Accueil\",\"item\":\"https:\/\/www.socabel.fr\/\"},{\"@type\":\"ListItem\",\"position\":2,\"name\":\"Boutique\",\"item\":\"https:\/\/www.socabel.fr\/index.php\/boutique\/\"},{\"@type\":\"ListItem\",\"position\":3,\"name\":\"STATION DE RECHARGE ELECTRIQUE &#8211; VELO\/TROTTINETTE\/SCOOTER &#8211; SIMPLE\"}]},{\"@type\":\"WebSite\",\"@id\":\"https:\/\/www.socabel.fr\/#website\",\"url\":\"https:\/\/www.socabel.fr\/\",\"name\":\"Socabel conceptions \u00e9lectriques sur mesure\",\"description\":\"Notre savoir faire Fran\u00e7ais mis \u00e0 la disposition de nos clients qui peuvent personnaliser leurs demandes, sans impact sur les co\u00fbt et dans le respect absolu des d\u00e9lais de livraison annonc\u00e9.\",\"publisher\":{\"@id\":\"https:\/\/www.socabel.fr\/#organization\"},\"potentialAction\":[{\"@type\":\"SearchAction\",\"target\":{\"@type\":\"EntryPoint\",\"urlTemplate\":\"https:\/\/www.socabel.fr\/?s={search_term_string}\"},\"query-input\":\"required name=search_term_string\"}],\"inLanguage\":\"fr-FR\"},{\"@type\":\"Organization\",\"@id\":\"https:\/\/www.socabel.fr\/#organization\",\"name\":\"Socabel conceptions \u00e9lectriques sur mesure\",\"url\":\"https:\/\/www.socabel.fr\/\",\"logo\":{\"@type\":\"ImageObject\",\"inLanguage\":\"fr-FR\",\"@id\":\"https:\/\/www.socabel.fr\/#\/schema\/logo\/image\/\",\"url\":\"https:\/\/www.socabel.fr\/wp-content\/uploads\/2020\/02\/logo_200.png\",\"contentUrl\":\"https:\/\/www.socabel.fr\/wp-content\/uploads\/2020\/02\/logo_200.png\",\"width\":200,\"height\":50,\"caption\":\"Socabel conceptions \u00e9lectriques sur mesure\"},\"image\":{\"@id\":\"https:\/\/www.socabel.fr\/#\/schema\/logo\/image\/\"}}]}<\/script>\n<!-- \/ Yoast SEO plugin. -->","yoast_head_json":{"title":"STATION DE RECHARGE ELECTRIQUE - VELO\/TROTTINETTE\/SCOOTER - SIMPLE - Socabel conceptions \u00e9lectriques sur mesure","description":"Station de recharge \u00e9lectrique pour v\u00e9lo - trottinette - scooter, \u00e0 installer en int\u00e9rieur ou ext\u00e9rieur. Id\u00e9ale pour les collectivit\u00e9s, les entreprises, la grande distribution. Nos stations de recharge sont \u00e9tudi\u00e9es, r\u00e9alis\u00e9es et assembl\u00e9es Made in France.","robots":{"index":"index","follow":"follow","max-snippet":"max-snippet:-1","max-image-preview":"max-image-preview:large","max-video-preview":"max-video-preview:-1"},"canonical":"https:\/\/www.socabel.fr\/index.php\/produit\/station-de-recharge-electrique-velo-trottinette-scooter-alimentation-mono-face\/","og_locale":"fr_FR","og_type":"article","og_title":"STATION DE RECHARGE ELECTRIQUE - VELO\/TROTTINETTE\/SCOOTER - SIMPLE - Socabel conceptions \u00e9lectriques sur mesure","og_description":"Station de recharge \u00e9lectrique pour v\u00e9lo - trottinette - scooter, \u00e0 installer en int\u00e9rieur ou ext\u00e9rieur. Id\u00e9ale pour les collectivit\u00e9s, les entreprises, la grande distribution. Nos stations de recharge sont \u00e9tudi\u00e9es, r\u00e9alis\u00e9es et assembl\u00e9es Made in France.","og_url":"https:\/\/www.socabel.fr\/index.php\/produit\/station-de-recharge-electrique-velo-trottinette-scooter-alimentation-mono-face\/","og_site_name":"Socabel conceptions \u00e9lectriques sur mesure","article_modified_time":"2024-09-27T13:36:48+00:00","og_image":[{"width":1024,"height":768,"url":"https:\/\/www.socabel.fr\/wp-content\/uploads\/2020\/09\/STATION_SIMPLE_00-1024x768.png","type":"image\/png"}],"twitter_card":"summary_large_image","twitter_misc":{"Dur\u00e9e de lecture estim\u00e9e":"1 minute"},"schema":{"@context":"https:\/\/schema.org","@graph":[{"@type":"WebPage","@id":"https:\/\/www.socabel.fr\/index.php\/produit\/station-de-recharge-electrique-velo-trottinette-scooter-alimentation-mono-face\/","url":"https:\/\/www.socabel.fr\/index.php\/produit\/station-de-recharge-electrique-velo-trottinette-scooter-alimentation-mono-face\/","name":"STATION DE RECHARGE ELECTRIQUE - VELO\/TROTTINETTE\/SCOOTER - SIMPLE - Socabel conceptions \u00e9lectriques sur mesure","isPartOf":{"@id":"https:\/\/www.socabel.fr\/#website"},"primaryImageOfPage":{"@id":"https:\/\/www.socabel.fr\/index.php\/produit\/station-de-recharge-electrique-velo-trottinette-scooter-alimentation-mono-face\/#primaryimage"},"image":{"@id":"https:\/\/www.socabel.fr\/index.php\/produit\/station-de-recharge-electrique-velo-trottinette-scooter-alimentation-mono-face\/#primaryimage"},"thumbnailUrl":"https:\/\/www.socabel.fr\/wp-content\/uploads\/2020\/09\/STATION_SIMPLE_00.png","datePublished":"2020-09-27T08:13:39+00:00","dateModified":"2024-09-27T13:36:48+00:00","description":"Station de recharge \u00e9lectrique pour v\u00e9lo - trottinette - scooter, \u00e0 installer en int\u00e9rieur ou ext\u00e9rieur. Id\u00e9ale pour les collectivit\u00e9s, les entreprises, la grande distribution. Nos stations de recharge sont \u00e9tudi\u00e9es, r\u00e9alis\u00e9es et assembl\u00e9es Made in France.","breadcrumb":{"@id":"https:\/\/www.socabel.fr\/index.php\/produit\/station-de-recharge-electrique-velo-trottinette-scooter-alimentation-mono-face\/#breadcrumb"},"inLanguage":"fr-FR","potentialAction":[{"@type":"ReadAction","target":["https:\/\/www.socabel.fr\/index.php\/produit\/station-de-recharge-electrique-velo-trottinette-scooter-alimentation-mono-face\/"]}]},{"@type":"ImageObject","inLanguage":"fr-FR","@id":"https:\/\/www.socabel.fr\/index.php\/produit\/station-de-recharge-electrique-velo-trottinette-scooter-alimentation-mono-face\/#primaryimage","url":"https:\/\/www.socabel.fr\/wp-content\/uploads\/2020\/09\/STATION_SIMPLE_00.png","contentUrl":"https:\/\/www.socabel.fr\/wp-content\/uploads\/2020\/09\/STATION_SIMPLE_00.png","width":3264,"height":2448},{"@type":"BreadcrumbList","@id":"https:\/\/www.socabel.fr\/index.php\/produit\/station-de-recharge-electrique-velo-trottinette-scooter-alimentation-mono-face\/#breadcrumb","itemListElement":[{"@type":"ListItem","position":1,"name":"Accueil","item":"https:\/\/www.socabel.fr\/"},{"@type":"ListItem","position":2,"name":"Boutique","item":"https:\/\/www.socabel.fr\/index.php\/boutique\/"},{"@type":"ListItem","position":3,"name":"STATION DE RECHARGE ELECTRIQUE &#8211; VELO\/TROTTINETTE\/SCOOTER &#8211; SIMPLE"}]},{"@type":"WebSite","@id":"https:\/\/www.socabel.fr\/#website","url":"https:\/\/www.socabel.fr\/","name":"Socabel conceptions \u00e9lectriques sur mesure","description":"Notre savoir faire Fran\u00e7ais mis \u00e0 la disposition de nos clients qui peuvent personnaliser leurs demandes, sans impact sur les co\u00fbt et dans le respect absolu des d\u00e9lais de livraison annonc\u00e9.","publisher":{"@id":"https:\/\/www.socabel.fr\/#organization"},"potentialAction":[{"@type":"SearchAction","target":{"@type":"EntryPoint","urlTemplate":"https:\/\/www.socabel.fr\/?s={search_term_string}"},"query-input":"required name=search_term_string"}],"inLanguage":"fr-FR"},{"@type":"Organization","@id":"https:\/\/www.socabel.fr\/#organization","name":"Socabel conceptions \u00e9lectriques sur mesure","url":"https:\/\/www.socabel.fr\/","logo":{"@type":"ImageObject","inLanguage":"fr-FR","@id":"https:\/\/www.socabel.fr\/#\/schema\/logo\/image\/","url":"https:\/\/www.socabel.fr\/wp-content\/uploads\/2020\/02\/logo_200.png","contentUrl":"https:\/\/www.socabel.fr\/wp-content\/uploads\/2020\/02\/logo_200.png","width":200,"height":50,"caption":"Socabel conceptions \u00e9lectriques sur mesure"},"image":{"@id":"https:\/\/www.socabel.fr\/#\/schema\/logo\/image\/"}}]}},"_links":{"self":[{"href":"https:\/\/www.socabel.fr\/index.php\/wp-json\/wp\/v2\/product\/480","targetHints":{"allow":["GET"]}}],"collection":[{"href":"https:\/\/www.socabel.fr\/index.php\/wp-json\/wp\/v2\/product"}],"about":[{"href":"https:\/\/www.socabel.fr\/index.php\/wp-json\/wp\/v2\/types\/product"}],"replies":[{"embeddable":true,"href":"https:\/\/www.socabel.fr\/index.php\/wp-json\/wp\/v2\/comments?post=480"}],"wp:featuredmedia":[{"embeddable":true,"href":"https:\/\/www.socabel.fr\/index.php\/wp-json\/wp\/v2\/media\/691"}],"wp:attachment":[{"href":"https:\/\/www.socabel.fr\/index.php\/wp-json\/wp\/v2\/media?parent=480"}],"wp:term":[{"taxonomy":"product_cat","embeddable":true,"href":"https:\/\/www.socabel.fr\/index.php\/wp-json\/wp\/v2\/product_cat?post=480"},{"taxonomy":"product_tag","embeddable":true,"href":"https:\/\/www.socabel.fr\/index.php\/wp-json\/wp\/v2\/product_tag?post=480"}],"curies":[{"name":"wp","href":"https:\/\/api.w.org\/{rel}","templated":true}]}}