{"id":833,"date":"2024-11-14T11:13:08","date_gmt":"2024-11-14T10:13:08","guid":{"rendered":"https:\/\/www.socabel.fr\/?post_type=product&#038;p=833"},"modified":"2024-11-14T11:13:08","modified_gmt":"2024-11-14T10:13:08","slug":"borne-ecolo-bois-double-poteau","status":"publish","type":"product","link":"https:\/\/www.socabel.fr\/index.php\/produit\/borne-ecolo-bois-double-poteau\/","title":{"rendered":"BORNE \u00c9COLO BOIS (Double Poteau)"},"content":{"rendered":"<p align=\"center\"><em><b>INFORMATION DE FABRICATION BORNES CAMPING \u00c9COLO BOIS (Poteau)<\/b><\/em><\/p>\n<p>Toutes nos bornes \u00e9lectriques de camping sont \u00e9tudi\u00e9es, assembl\u00e9es et r\u00e9alis\u00e9es dans nos ateliers, en France.<\/p>\n<p>Notre savoir faire nous permet de vous proposer des bornes \u00e9lectriques sur mesure, adapt\u00e9s \u00e0 vos d\u00e9sirs et vos besoins.<\/p>\n<p>Toute demande est \u00e9tudi\u00e9e avec soin pour vous permettre de b\u00e9n\u00e9ficier d\u2019un produit de qualit\u00e9 au meilleur prix.<\/p>\n","protected":false},"excerpt":{"rendered":"<p>Borne \u00c9colo Bois mont\u00e9e sur deux poteaux, pouvant recevoir 1 ou 2 prises, ainsi que les disjoncteurs associ\u00e9s.<\/p>\n<p>Option possible : 1 Robinet d&rsquo;eau peut \u00eatre mont\u00e9 \u00e0 l\u2019arri\u00e8re de la Borne<\/p>\n<p><u><i>Support Bois<\/i><\/u><\/p>\n<p>Dimensions :<u><i><br \/>\n<\/i><\/u><\/p>\n<p>2 Poteaux de 70x70mm, Hauteur 1200 mm, renfort lat\u00e9ral de 60x25mm<\/p>\n<p>Livr\u00e9 avec un support de fixation en t\u00f4le galvanis\u00e9 + visserie.<\/p>\n<p>Le bois est prot\u00e9g\u00e9 par 3 couches de saturateur pour une bonne tenue dans le temps.<\/p>\n<p><i><u>Coffret Electrique<\/u><\/i><\/p>\n<p>1 Coffret IP65 IK08<\/p>\n<p>1 ou 2 prises P17 (Norme Europ\u00e9enne)<\/p>\n<p>1 Disjoncteur diff\u00e9rentiel par prise, 6A, 10A ou 16A (suivant demande client), type AC 30mA.<\/p>\n<p>Bornier de raccordement monophas\u00e9 16mm\u00b2<\/p>\n<p><b><i><span style=\"color: #008000;\">Compatible \u00ab\u00a0Natura 2000\u00a0\u00bb<\/span><\/i><\/b><\/p>\n","protected":false},"featured_media":834,"comment_status":"closed","ping_status":"closed","template":"","meta":{"ocean_post_layout":"","ocean_both_sidebars_style":"","ocean_both_sidebars_content_width":0,"ocean_both_sidebars_sidebars_width":0,"ocean_sidebar":"0","ocean_second_sidebar":"0","ocean_disable_margins":"enable","ocean_add_body_class":"","ocean_shortcode_before_top_bar":"","ocean_shortcode_after_top_bar":"","ocean_shortcode_before_header":"","ocean_shortcode_after_header":"","ocean_has_shortcode":"","ocean_shortcode_after_title":"","ocean_shortcode_before_footer_widgets":"","ocean_shortcode_after_footer_widgets":"","ocean_shortcode_before_footer_bottom":"","ocean_shortcode_after_footer_bottom":"","ocean_display_top_bar":"default","ocean_display_header":"default","ocean_header_style":"","ocean_center_header_left_menu":"0","ocean_custom_header_template":"0","ocean_custom_logo":0,"ocean_custom_retina_logo":0,"ocean_custom_logo_max_width":0,"ocean_custom_logo_tablet_max_width":0,"ocean_custom_logo_mobile_max_width":0,"ocean_custom_logo_max_height":0,"ocean_custom_logo_tablet_max_height":0,"ocean_custom_logo_mobile_max_height":0,"ocean_header_custom_menu":"0","ocean_menu_typo_font_family":"0","ocean_menu_typo_font_subset":"","ocean_menu_typo_font_size":0,"ocean_menu_typo_font_size_tablet":0,"ocean_menu_typo_font_size_mobile":0,"ocean_menu_typo_font_size_unit":"px","ocean_menu_typo_font_weight":"","ocean_menu_typo_font_weight_tablet":"","ocean_menu_typo_font_weight_mobile":"","ocean_menu_typo_transform":"","ocean_menu_typo_transform_tablet":"","ocean_menu_typo_transform_mobile":"","ocean_menu_typo_line_height":0,"ocean_menu_typo_line_height_tablet":0,"ocean_menu_typo_line_height_mobile":0,"ocean_menu_typo_line_height_unit":"","ocean_menu_typo_spacing":0,"ocean_menu_typo_spacing_tablet":0,"ocean_menu_typo_spacing_mobile":0,"ocean_menu_typo_spacing_unit":"","ocean_menu_link_color":"","ocean_menu_link_color_hover":"","ocean_menu_link_color_active":"","ocean_menu_link_background":"","ocean_menu_link_hover_background":"","ocean_menu_link_active_background":"","ocean_menu_social_links_bg":"","ocean_menu_social_hover_links_bg":"","ocean_menu_social_links_color":"","ocean_menu_social_hover_links_color":"","ocean_disable_title":"default","ocean_disable_heading":"default","ocean_post_title":"","ocean_post_subheading":"","ocean_post_title_style":"","ocean_post_title_background_color":"","ocean_post_title_background":0,"ocean_post_title_bg_image_position":"","ocean_post_title_bg_image_attachment":"","ocean_post_title_bg_image_repeat":"","ocean_post_title_bg_image_size":"","ocean_post_title_height":0,"ocean_post_title_bg_overlay":0.5,"ocean_post_title_bg_overlay_color":"","ocean_disable_breadcrumbs":"default","ocean_breadcrumbs_color":"","ocean_breadcrumbs_separator_color":"","ocean_breadcrumbs_links_color":"","ocean_breadcrumbs_links_hover_color":"","ocean_display_footer_widgets":"default","ocean_display_footer_bottom":"default","ocean_custom_footer_template":"0"},"product_cat":[32],"product_tag":[],"class_list":{"0":"post-833","1":"product","2":"type-product","3":"status-publish","4":"has-post-thumbnail","5":"hentry","6":"product_cat-bornes-de-camping-aire-de-camping-car","8":"entry","9":"has-media","10":"owp-thumbs-layout-horizontal","11":"owp-btn-normal","12":"owp-tabs-layout-horizontal","13":"has-product-nav"},"yoast_head":"<!-- This site is optimized with the Yoast SEO plugin v23.1 - https:\/\/yoast.com\/wordpress\/plugins\/seo\/ -->\n<title>BORNE \u00c9COLO BOIS (Double Poteau) - Socabel conceptions \u00e9lectriques sur mesure<\/title>\n<meta name=\"robots\" content=\"index, follow, max-snippet:-1, max-image-preview:large, max-video-preview:-1\" \/>\n<link rel=\"canonical\" href=\"https:\/\/www.socabel.fr\/index.php\/produit\/borne-ecolo-bois-double-poteau\/\" \/>\n<meta property=\"og:locale\" content=\"fr_FR\" \/>\n<meta property=\"og:type\" content=\"article\" \/>\n<meta property=\"og:title\" content=\"BORNE \u00c9COLO BOIS (Double Poteau) - Socabel conceptions \u00e9lectriques sur mesure\" \/>\n<meta property=\"og:description\" content=\"Borne \u00c9colo Bois mont\u00e9e sur deux poteaux, pouvant recevoir 1 ou 2 prises, ainsi que les disjoncteurs associ\u00e9s.  Option possible : 1 Robinet d&#039;eau peut \u00eatre mont\u00e9 \u00e0 l\u2019arri\u00e8re de la Borne  Support Bois  Dimensions :   2 Poteaux de 70x70mm, Hauteur 1200 mm, renfort lat\u00e9ral de 60x25mm  Livr\u00e9 avec un support de fixation en t\u00f4le galvanis\u00e9 + visserie.  Le bois est prot\u00e9g\u00e9 par 3 couches de saturateur pour une bonne tenue dans le temps.  Coffret Electrique  1 Coffret IP65 IK08  1 ou 2 prises P17 (Norme Europ\u00e9enne)  1 Disjoncteur diff\u00e9rentiel par prise, 6A, 10A ou 16A (suivant demande client), type AC 30mA.  Bornier de raccordement monophas\u00e9 16mm\u00b2  Compatible &quot;Natura 2000&quot;\" \/>\n<meta property=\"og:url\" content=\"https:\/\/www.socabel.fr\/index.php\/produit\/borne-ecolo-bois-double-poteau\/\" \/>\n<meta property=\"og:site_name\" content=\"Socabel conceptions \u00e9lectriques sur mesure\" \/>\n<meta property=\"og:image\" content=\"https:\/\/www.socabel.fr\/wp-content\/uploads\/2024\/11\/rendu_04_Filigrame.png\" \/>\n\t<meta property=\"og:image:width\" content=\"1920\" \/>\n\t<meta property=\"og:image:height\" content=\"1080\" \/>\n\t<meta property=\"og:image:type\" content=\"image\/png\" \/>\n<meta name=\"twitter:card\" content=\"summary_large_image\" \/>\n<meta name=\"twitter:label1\" content=\"Dur\u00e9e de lecture estim\u00e9e\" \/>\n\t<meta name=\"twitter:data1\" content=\"1 minute\" \/>\n<script type=\"application\/ld+json\" class=\"yoast-schema-graph\">{\"@context\":\"https:\/\/schema.org\",\"@graph\":[{\"@type\":\"WebPage\",\"@id\":\"https:\/\/www.socabel.fr\/index.php\/produit\/borne-ecolo-bois-double-poteau\/\",\"url\":\"https:\/\/www.socabel.fr\/index.php\/produit\/borne-ecolo-bois-double-poteau\/\",\"name\":\"BORNE \u00c9COLO BOIS (Double Poteau) - Socabel conceptions \u00e9lectriques sur mesure\",\"isPartOf\":{\"@id\":\"https:\/\/www.socabel.fr\/#website\"},\"primaryImageOfPage\":{\"@id\":\"https:\/\/www.socabel.fr\/index.php\/produit\/borne-ecolo-bois-double-poteau\/#primaryimage\"},\"image\":{\"@id\":\"https:\/\/www.socabel.fr\/index.php\/produit\/borne-ecolo-bois-double-poteau\/#primaryimage\"},\"thumbnailUrl\":\"https:\/\/www.socabel.fr\/wp-content\/uploads\/2024\/11\/rendu_04_Filigrame.png\",\"datePublished\":\"2024-11-14T10:13:08+00:00\",\"dateModified\":\"2024-11-14T10:13:08+00:00\",\"breadcrumb\":{\"@id\":\"https:\/\/www.socabel.fr\/index.php\/produit\/borne-ecolo-bois-double-poteau\/#breadcrumb\"},\"inLanguage\":\"fr-FR\",\"potentialAction\":[{\"@type\":\"ReadAction\",\"target\":[\"https:\/\/www.socabel.fr\/index.php\/produit\/borne-ecolo-bois-double-poteau\/\"]}]},{\"@type\":\"ImageObject\",\"inLanguage\":\"fr-FR\",\"@id\":\"https:\/\/www.socabel.fr\/index.php\/produit\/borne-ecolo-bois-double-poteau\/#primaryimage\",\"url\":\"https:\/\/www.socabel.fr\/wp-content\/uploads\/2024\/11\/rendu_04_Filigrame.png\",\"contentUrl\":\"https:\/\/www.socabel.fr\/wp-content\/uploads\/2024\/11\/rendu_04_Filigrame.png\",\"width\":1920,\"height\":1080},{\"@type\":\"BreadcrumbList\",\"@id\":\"https:\/\/www.socabel.fr\/index.php\/produit\/borne-ecolo-bois-double-poteau\/#breadcrumb\",\"itemListElement\":[{\"@type\":\"ListItem\",\"position\":1,\"name\":\"Accueil\",\"item\":\"https:\/\/www.socabel.fr\/\"},{\"@type\":\"ListItem\",\"position\":2,\"name\":\"Boutique\",\"item\":\"https:\/\/www.socabel.fr\/index.php\/boutique\/\"},{\"@type\":\"ListItem\",\"position\":3,\"name\":\"BORNE \u00c9COLO BOIS (Double Poteau)\"}]},{\"@type\":\"WebSite\",\"@id\":\"https:\/\/www.socabel.fr\/#website\",\"url\":\"https:\/\/www.socabel.fr\/\",\"name\":\"Socabel conceptions \u00e9lectriques sur mesure\",\"description\":\"Notre savoir faire Fran\u00e7ais mis \u00e0 la disposition de nos clients qui peuvent personnaliser leurs demandes, sans impact sur les co\u00fbt et dans le respect absolu des d\u00e9lais de livraison annonc\u00e9.\",\"publisher\":{\"@id\":\"https:\/\/www.socabel.fr\/#organization\"},\"potentialAction\":[{\"@type\":\"SearchAction\",\"target\":{\"@type\":\"EntryPoint\",\"urlTemplate\":\"https:\/\/www.socabel.fr\/?s={search_term_string}\"},\"query-input\":\"required name=search_term_string\"}],\"inLanguage\":\"fr-FR\"},{\"@type\":\"Organization\",\"@id\":\"https:\/\/www.socabel.fr\/#organization\",\"name\":\"Socabel conceptions \u00e9lectriques sur mesure\",\"url\":\"https:\/\/www.socabel.fr\/\",\"logo\":{\"@type\":\"ImageObject\",\"inLanguage\":\"fr-FR\",\"@id\":\"https:\/\/www.socabel.fr\/#\/schema\/logo\/image\/\",\"url\":\"https:\/\/www.socabel.fr\/wp-content\/uploads\/2020\/02\/logo_200.png\",\"contentUrl\":\"https:\/\/www.socabel.fr\/wp-content\/uploads\/2020\/02\/logo_200.png\",\"width\":200,\"height\":50,\"caption\":\"Socabel conceptions \u00e9lectriques sur mesure\"},\"image\":{\"@id\":\"https:\/\/www.socabel.fr\/#\/schema\/logo\/image\/\"}}]}<\/script>\n<!-- \/ Yoast SEO plugin. -->","yoast_head_json":{"title":"BORNE \u00c9COLO BOIS (Double Poteau) - Socabel conceptions \u00e9lectriques sur mesure","robots":{"index":"index","follow":"follow","max-snippet":"max-snippet:-1","max-image-preview":"max-image-preview:large","max-video-preview":"max-video-preview:-1"},"canonical":"https:\/\/www.socabel.fr\/index.php\/produit\/borne-ecolo-bois-double-poteau\/","og_locale":"fr_FR","og_type":"article","og_title":"BORNE \u00c9COLO BOIS (Double Poteau) - Socabel conceptions \u00e9lectriques sur mesure","og_description":"Borne \u00c9colo Bois mont\u00e9e sur deux poteaux, pouvant recevoir 1 ou 2 prises, ainsi que les disjoncteurs associ\u00e9s.  Option possible : 1 Robinet d'eau peut \u00eatre mont\u00e9 \u00e0 l\u2019arri\u00e8re de la Borne  Support Bois  Dimensions :   2 Poteaux de 70x70mm, Hauteur 1200 mm, renfort lat\u00e9ral de 60x25mm  Livr\u00e9 avec un support de fixation en t\u00f4le galvanis\u00e9 + visserie.  Le bois est prot\u00e9g\u00e9 par 3 couches de saturateur pour une bonne tenue dans le temps.  Coffret Electrique  1 Coffret IP65 IK08  1 ou 2 prises P17 (Norme Europ\u00e9enne)  1 Disjoncteur diff\u00e9rentiel par prise, 6A, 10A ou 16A (suivant demande client), type AC 30mA.  Bornier de raccordement monophas\u00e9 16mm\u00b2  Compatible \"Natura 2000\"","og_url":"https:\/\/www.socabel.fr\/index.php\/produit\/borne-ecolo-bois-double-poteau\/","og_site_name":"Socabel conceptions \u00e9lectriques sur mesure","og_image":[{"width":1920,"height":1080,"url":"https:\/\/www.socabel.fr\/wp-content\/uploads\/2024\/11\/rendu_04_Filigrame.png","type":"image\/png"}],"twitter_card":"summary_large_image","twitter_misc":{"Dur\u00e9e de lecture estim\u00e9e":"1 minute"},"schema":{"@context":"https:\/\/schema.org","@graph":[{"@type":"WebPage","@id":"https:\/\/www.socabel.fr\/index.php\/produit\/borne-ecolo-bois-double-poteau\/","url":"https:\/\/www.socabel.fr\/index.php\/produit\/borne-ecolo-bois-double-poteau\/","name":"BORNE \u00c9COLO BOIS (Double Poteau) - Socabel conceptions \u00e9lectriques sur mesure","isPartOf":{"@id":"https:\/\/www.socabel.fr\/#website"},"primaryImageOfPage":{"@id":"https:\/\/www.socabel.fr\/index.php\/produit\/borne-ecolo-bois-double-poteau\/#primaryimage"},"image":{"@id":"https:\/\/www.socabel.fr\/index.php\/produit\/borne-ecolo-bois-double-poteau\/#primaryimage"},"thumbnailUrl":"https:\/\/www.socabel.fr\/wp-content\/uploads\/2024\/11\/rendu_04_Filigrame.png","datePublished":"2024-11-14T10:13:08+00:00","dateModified":"2024-11-14T10:13:08+00:00","breadcrumb":{"@id":"https:\/\/www.socabel.fr\/index.php\/produit\/borne-ecolo-bois-double-poteau\/#breadcrumb"},"inLanguage":"fr-FR","potentialAction":[{"@type":"ReadAction","target":["https:\/\/www.socabel.fr\/index.php\/produit\/borne-ecolo-bois-double-poteau\/"]}]},{"@type":"ImageObject","inLanguage":"fr-FR","@id":"https:\/\/www.socabel.fr\/index.php\/produit\/borne-ecolo-bois-double-poteau\/#primaryimage","url":"https:\/\/www.socabel.fr\/wp-content\/uploads\/2024\/11\/rendu_04_Filigrame.png","contentUrl":"https:\/\/www.socabel.fr\/wp-content\/uploads\/2024\/11\/rendu_04_Filigrame.png","width":1920,"height":1080},{"@type":"BreadcrumbList","@id":"https:\/\/www.socabel.fr\/index.php\/produit\/borne-ecolo-bois-double-poteau\/#breadcrumb","itemListElement":[{"@type":"ListItem","position":1,"name":"Accueil","item":"https:\/\/www.socabel.fr\/"},{"@type":"ListItem","position":2,"name":"Boutique","item":"https:\/\/www.socabel.fr\/index.php\/boutique\/"},{"@type":"ListItem","position":3,"name":"BORNE \u00c9COLO BOIS (Double Poteau)"}]},{"@type":"WebSite","@id":"https:\/\/www.socabel.fr\/#website","url":"https:\/\/www.socabel.fr\/","name":"Socabel conceptions \u00e9lectriques sur mesure","description":"Notre savoir faire Fran\u00e7ais mis \u00e0 la disposition de nos clients qui peuvent personnaliser leurs demandes, sans impact sur les co\u00fbt et dans le respect absolu des d\u00e9lais de livraison annonc\u00e9.","publisher":{"@id":"https:\/\/www.socabel.fr\/#organization"},"potentialAction":[{"@type":"SearchAction","target":{"@type":"EntryPoint","urlTemplate":"https:\/\/www.socabel.fr\/?s={search_term_string}"},"query-input":"required name=search_term_string"}],"inLanguage":"fr-FR"},{"@type":"Organization","@id":"https:\/\/www.socabel.fr\/#organization","name":"Socabel conceptions \u00e9lectriques sur mesure","url":"https:\/\/www.socabel.fr\/","logo":{"@type":"ImageObject","inLanguage":"fr-FR","@id":"https:\/\/www.socabel.fr\/#\/schema\/logo\/image\/","url":"https:\/\/www.socabel.fr\/wp-content\/uploads\/2020\/02\/logo_200.png","contentUrl":"https:\/\/www.socabel.fr\/wp-content\/uploads\/2020\/02\/logo_200.png","width":200,"height":50,"caption":"Socabel conceptions \u00e9lectriques sur mesure"},"image":{"@id":"https:\/\/www.socabel.fr\/#\/schema\/logo\/image\/"}}]}},"_links":{"self":[{"href":"https:\/\/www.socabel.fr\/index.php\/wp-json\/wp\/v2\/product\/833","targetHints":{"allow":["GET"]}}],"collection":[{"href":"https:\/\/www.socabel.fr\/index.php\/wp-json\/wp\/v2\/product"}],"about":[{"href":"https:\/\/www.socabel.fr\/index.php\/wp-json\/wp\/v2\/types\/product"}],"replies":[{"embeddable":true,"href":"https:\/\/www.socabel.fr\/index.php\/wp-json\/wp\/v2\/comments?post=833"}],"wp:featuredmedia":[{"embeddable":true,"href":"https:\/\/www.socabel.fr\/index.php\/wp-json\/wp\/v2\/media\/834"}],"wp:attachment":[{"href":"https:\/\/www.socabel.fr\/index.php\/wp-json\/wp\/v2\/media?parent=833"}],"wp:term":[{"taxonomy":"product_cat","embeddable":true,"href":"https:\/\/www.socabel.fr\/index.php\/wp-json\/wp\/v2\/product_cat?post=833"},{"taxonomy":"product_tag","embeddable":true,"href":"https:\/\/www.socabel.fr\/index.php\/wp-json\/wp\/v2\/product_tag?post=833"}],"curies":[{"name":"wp","href":"https:\/\/api.w.org\/{rel}","templated":true}]}}