{"id":908,"date":"2025-12-29T16:32:18","date_gmt":"2025-12-29T15:32:18","guid":{"rendered":"https:\/\/www.socabel.fr\/?post_type=product&#038;p=908"},"modified":"2025-12-29T16:32:18","modified_gmt":"2025-12-29T15:32:18","slug":"la-vague","status":"publish","type":"product","link":"https:\/\/www.socabel.fr\/index.php\/produit\/la-vague\/","title":{"rendered":"LA VAGUE"},"content":{"rendered":"<p>Cette borne de distribution \u00e9lectrique est \u00e9quip\u00e9e de 4 prises 16 A situer de part et d&rsquo;autre de la borne ainsi que d&rsquo;un \u00e9clairage led, elle peut aussi \u00eatre \u00e9quip\u00e9e de prise 32 A mono ou t\u00e9tra. Chaque prise est \u00e9quip\u00e9e d&rsquo;un disjoncteur diff\u00e9rentiel.<\/p>\n<p>La borne est r\u00e9alis\u00e9e en Inox et prot\u00e9ger par une couche de peinture \u00e9poxy.<\/p>\n<p>La couleur de la borne est au choix du client, ce mod\u00e8le et proposer en bi-couleur, mais peut aussi \u00eatre r\u00e9alis\u00e9 avec une couleur unique. (sans modification de prix)<\/p>\n<p>Pour plus d&rsquo;information sur nos produits n&rsquo;h\u00e9siter pas \u00e0 nous contacter par t\u00e9l\u00e9phone afin que nous puissions \u00e9changer ou par mail pour un devis<\/p>\n","protected":false},"excerpt":{"rendered":"<p>Cette borne de distribution \u00e9lectrique est \u00e9quip\u00e9e de 4 prises 16 A situer de part et d&rsquo;autre de la borne ainsi que d&rsquo;un \u00e9clairage led, elle peut aussi \u00eatre \u00e9quip\u00e9e de prise 32 A mono ou t\u00e9tra. Chaque prise est \u00e9quip\u00e9e d&rsquo;un disjoncteur diff\u00e9rentiel. La borne est r\u00e9alis\u00e9e en Inox et prot\u00e9ger par une couche [&hellip;]<\/p>\n","protected":false},"featured_media":909,"comment_status":"closed","ping_status":"closed","template":"","meta":{"ocean_post_layout":"","ocean_both_sidebars_style":"","ocean_both_sidebars_content_width":0,"ocean_both_sidebars_sidebars_width":0,"ocean_sidebar":"0","ocean_second_sidebar":"0","ocean_disable_margins":"enable","ocean_add_body_class":"","ocean_shortcode_before_top_bar":"","ocean_shortcode_after_top_bar":"","ocean_shortcode_before_header":"","ocean_shortcode_after_header":"","ocean_has_shortcode":"","ocean_shortcode_after_title":"","ocean_shortcode_before_footer_widgets":"","ocean_shortcode_after_footer_widgets":"","ocean_shortcode_before_footer_bottom":"","ocean_shortcode_after_footer_bottom":"","ocean_display_top_bar":"default","ocean_display_header":"default","ocean_header_style":"","ocean_center_header_left_menu":"0","ocean_custom_header_template":"0","ocean_custom_logo":0,"ocean_custom_retina_logo":0,"ocean_custom_logo_max_width":0,"ocean_custom_logo_tablet_max_width":0,"ocean_custom_logo_mobile_max_width":0,"ocean_custom_logo_max_height":0,"ocean_custom_logo_tablet_max_height":0,"ocean_custom_logo_mobile_max_height":0,"ocean_header_custom_menu":"0","ocean_menu_typo_font_family":"0","ocean_menu_typo_font_subset":"","ocean_menu_typo_font_size":0,"ocean_menu_typo_font_size_tablet":0,"ocean_menu_typo_font_size_mobile":0,"ocean_menu_typo_font_size_unit":"px","ocean_menu_typo_font_weight":"","ocean_menu_typo_font_weight_tablet":"","ocean_menu_typo_font_weight_mobile":"","ocean_menu_typo_transform":"","ocean_menu_typo_transform_tablet":"","ocean_menu_typo_transform_mobile":"","ocean_menu_typo_line_height":0,"ocean_menu_typo_line_height_tablet":0,"ocean_menu_typo_line_height_mobile":0,"ocean_menu_typo_line_height_unit":"","ocean_menu_typo_spacing":0,"ocean_menu_typo_spacing_tablet":0,"ocean_menu_typo_spacing_mobile":0,"ocean_menu_typo_spacing_unit":"","ocean_menu_link_color":"","ocean_menu_link_color_hover":"","ocean_menu_link_color_active":"","ocean_menu_link_background":"","ocean_menu_link_hover_background":"","ocean_menu_link_active_background":"","ocean_menu_social_links_bg":"","ocean_menu_social_hover_links_bg":"","ocean_menu_social_links_color":"","ocean_menu_social_hover_links_color":"","ocean_disable_title":"default","ocean_disable_heading":"default","ocean_post_title":"","ocean_post_subheading":"","ocean_post_title_style":"","ocean_post_title_background_color":"","ocean_post_title_background":0,"ocean_post_title_bg_image_position":"","ocean_post_title_bg_image_attachment":"","ocean_post_title_bg_image_repeat":"","ocean_post_title_bg_image_size":"","ocean_post_title_height":0,"ocean_post_title_bg_overlay":0.5,"ocean_post_title_bg_overlay_color":"","ocean_disable_breadcrumbs":"default","ocean_breadcrumbs_color":"","ocean_breadcrumbs_separator_color":"","ocean_breadcrumbs_links_color":"","ocean_breadcrumbs_links_hover_color":"","ocean_display_footer_widgets":"default","ocean_display_footer_bottom":"default","ocean_custom_footer_template":"0"},"product_cat":[37],"product_tag":[],"class_list":{"0":"post-908","1":"product","2":"type-product","3":"status-publish","4":"has-post-thumbnail","5":"hentry","6":"product_cat-nautisme","8":"entry","9":"has-media","10":"owp-thumbs-layout-horizontal","11":"owp-btn-normal","12":"owp-tabs-layout-horizontal","13":"has-product-nav"},"yoast_head":"<!-- This site is optimized with the Yoast SEO plugin v23.1 - https:\/\/yoast.com\/wordpress\/plugins\/seo\/ -->\n<title>LA VAGUE - Socabel conceptions \u00e9lectriques sur mesure<\/title>\n<meta name=\"robots\" content=\"index, follow, max-snippet:-1, max-image-preview:large, max-video-preview:-1\" \/>\n<link rel=\"canonical\" href=\"https:\/\/www.socabel.fr\/index.php\/produit\/la-vague\/\" \/>\n<meta property=\"og:locale\" content=\"fr_FR\" \/>\n<meta property=\"og:type\" content=\"article\" \/>\n<meta property=\"og:title\" content=\"LA VAGUE - Socabel conceptions \u00e9lectriques sur mesure\" \/>\n<meta property=\"og:description\" content=\"Cette borne de distribution \u00e9lectrique est \u00e9quip\u00e9e de 4 prises 16 A situer de part et d&rsquo;autre de la borne ainsi que d&rsquo;un \u00e9clairage led, elle peut aussi \u00eatre \u00e9quip\u00e9e de prise 32 A mono ou t\u00e9tra. Chaque prise est \u00e9quip\u00e9e d&rsquo;un disjoncteur diff\u00e9rentiel. La borne est r\u00e9alis\u00e9e en Inox et prot\u00e9ger par une couche [&hellip;]\" \/>\n<meta property=\"og:url\" content=\"https:\/\/www.socabel.fr\/index.php\/produit\/la-vague\/\" \/>\n<meta property=\"og:site_name\" content=\"Socabel conceptions \u00e9lectriques sur mesure\" \/>\n<meta property=\"og:image\" content=\"https:\/\/www.socabel.fr\/wp-content\/uploads\/2025\/12\/11-649x1024.png\" \/>\n\t<meta property=\"og:image:width\" content=\"649\" \/>\n\t<meta property=\"og:image:height\" content=\"1024\" \/>\n\t<meta property=\"og:image:type\" content=\"image\/png\" \/>\n<meta name=\"twitter:card\" content=\"summary_large_image\" \/>\n<meta name=\"twitter:label1\" content=\"Dur\u00e9e de lecture estim\u00e9e\" \/>\n\t<meta name=\"twitter:data1\" content=\"1 minute\" \/>\n<script type=\"application\/ld+json\" class=\"yoast-schema-graph\">{\"@context\":\"https:\/\/schema.org\",\"@graph\":[{\"@type\":\"WebPage\",\"@id\":\"https:\/\/www.socabel.fr\/index.php\/produit\/la-vague\/\",\"url\":\"https:\/\/www.socabel.fr\/index.php\/produit\/la-vague\/\",\"name\":\"LA VAGUE - Socabel conceptions \u00e9lectriques sur mesure\",\"isPartOf\":{\"@id\":\"https:\/\/www.socabel.fr\/#website\"},\"primaryImageOfPage\":{\"@id\":\"https:\/\/www.socabel.fr\/index.php\/produit\/la-vague\/#primaryimage\"},\"image\":{\"@id\":\"https:\/\/www.socabel.fr\/index.php\/produit\/la-vague\/#primaryimage\"},\"thumbnailUrl\":\"https:\/\/www.socabel.fr\/wp-content\/uploads\/2025\/12\/11.png\",\"datePublished\":\"2025-12-29T15:32:18+00:00\",\"dateModified\":\"2025-12-29T15:32:18+00:00\",\"breadcrumb\":{\"@id\":\"https:\/\/www.socabel.fr\/index.php\/produit\/la-vague\/#breadcrumb\"},\"inLanguage\":\"fr-FR\",\"potentialAction\":[{\"@type\":\"ReadAction\",\"target\":[\"https:\/\/www.socabel.fr\/index.php\/produit\/la-vague\/\"]}]},{\"@type\":\"ImageObject\",\"inLanguage\":\"fr-FR\",\"@id\":\"https:\/\/www.socabel.fr\/index.php\/produit\/la-vague\/#primaryimage\",\"url\":\"https:\/\/www.socabel.fr\/wp-content\/uploads\/2025\/12\/11.png\",\"contentUrl\":\"https:\/\/www.socabel.fr\/wp-content\/uploads\/2025\/12\/11.png\",\"width\":1010,\"height\":1594},{\"@type\":\"BreadcrumbList\",\"@id\":\"https:\/\/www.socabel.fr\/index.php\/produit\/la-vague\/#breadcrumb\",\"itemListElement\":[{\"@type\":\"ListItem\",\"position\":1,\"name\":\"Accueil\",\"item\":\"https:\/\/www.socabel.fr\/\"},{\"@type\":\"ListItem\",\"position\":2,\"name\":\"Boutique\",\"item\":\"https:\/\/www.socabel.fr\/index.php\/boutique\/\"},{\"@type\":\"ListItem\",\"position\":3,\"name\":\"LA VAGUE\"}]},{\"@type\":\"WebSite\",\"@id\":\"https:\/\/www.socabel.fr\/#website\",\"url\":\"https:\/\/www.socabel.fr\/\",\"name\":\"Socabel conceptions \u00e9lectriques sur mesure\",\"description\":\"Notre savoir faire Fran\u00e7ais mis \u00e0 la disposition de nos clients qui peuvent personnaliser leurs demandes, sans impact sur les co\u00fbt et dans le respect absolu des d\u00e9lais de livraison annonc\u00e9.\",\"publisher\":{\"@id\":\"https:\/\/www.socabel.fr\/#organization\"},\"potentialAction\":[{\"@type\":\"SearchAction\",\"target\":{\"@type\":\"EntryPoint\",\"urlTemplate\":\"https:\/\/www.socabel.fr\/?s={search_term_string}\"},\"query-input\":\"required name=search_term_string\"}],\"inLanguage\":\"fr-FR\"},{\"@type\":\"Organization\",\"@id\":\"https:\/\/www.socabel.fr\/#organization\",\"name\":\"Socabel conceptions \u00e9lectriques sur mesure\",\"url\":\"https:\/\/www.socabel.fr\/\",\"logo\":{\"@type\":\"ImageObject\",\"inLanguage\":\"fr-FR\",\"@id\":\"https:\/\/www.socabel.fr\/#\/schema\/logo\/image\/\",\"url\":\"https:\/\/www.socabel.fr\/wp-content\/uploads\/2020\/02\/logo_200.png\",\"contentUrl\":\"https:\/\/www.socabel.fr\/wp-content\/uploads\/2020\/02\/logo_200.png\",\"width\":200,\"height\":50,\"caption\":\"Socabel conceptions \u00e9lectriques sur mesure\"},\"image\":{\"@id\":\"https:\/\/www.socabel.fr\/#\/schema\/logo\/image\/\"}}]}<\/script>\n<!-- \/ Yoast SEO plugin. -->","yoast_head_json":{"title":"LA VAGUE - Socabel conceptions \u00e9lectriques sur mesure","robots":{"index":"index","follow":"follow","max-snippet":"max-snippet:-1","max-image-preview":"max-image-preview:large","max-video-preview":"max-video-preview:-1"},"canonical":"https:\/\/www.socabel.fr\/index.php\/produit\/la-vague\/","og_locale":"fr_FR","og_type":"article","og_title":"LA VAGUE - Socabel conceptions \u00e9lectriques sur mesure","og_description":"Cette borne de distribution \u00e9lectrique est \u00e9quip\u00e9e de 4 prises 16 A situer de part et d&rsquo;autre de la borne ainsi que d&rsquo;un \u00e9clairage led, elle peut aussi \u00eatre \u00e9quip\u00e9e de prise 32 A mono ou t\u00e9tra. Chaque prise est \u00e9quip\u00e9e d&rsquo;un disjoncteur diff\u00e9rentiel. La borne est r\u00e9alis\u00e9e en Inox et prot\u00e9ger par une couche [&hellip;]","og_url":"https:\/\/www.socabel.fr\/index.php\/produit\/la-vague\/","og_site_name":"Socabel conceptions \u00e9lectriques sur mesure","og_image":[{"width":649,"height":1024,"url":"https:\/\/www.socabel.fr\/wp-content\/uploads\/2025\/12\/11-649x1024.png","type":"image\/png"}],"twitter_card":"summary_large_image","twitter_misc":{"Dur\u00e9e de lecture estim\u00e9e":"1 minute"},"schema":{"@context":"https:\/\/schema.org","@graph":[{"@type":"WebPage","@id":"https:\/\/www.socabel.fr\/index.php\/produit\/la-vague\/","url":"https:\/\/www.socabel.fr\/index.php\/produit\/la-vague\/","name":"LA VAGUE - Socabel conceptions \u00e9lectriques sur mesure","isPartOf":{"@id":"https:\/\/www.socabel.fr\/#website"},"primaryImageOfPage":{"@id":"https:\/\/www.socabel.fr\/index.php\/produit\/la-vague\/#primaryimage"},"image":{"@id":"https:\/\/www.socabel.fr\/index.php\/produit\/la-vague\/#primaryimage"},"thumbnailUrl":"https:\/\/www.socabel.fr\/wp-content\/uploads\/2025\/12\/11.png","datePublished":"2025-12-29T15:32:18+00:00","dateModified":"2025-12-29T15:32:18+00:00","breadcrumb":{"@id":"https:\/\/www.socabel.fr\/index.php\/produit\/la-vague\/#breadcrumb"},"inLanguage":"fr-FR","potentialAction":[{"@type":"ReadAction","target":["https:\/\/www.socabel.fr\/index.php\/produit\/la-vague\/"]}]},{"@type":"ImageObject","inLanguage":"fr-FR","@id":"https:\/\/www.socabel.fr\/index.php\/produit\/la-vague\/#primaryimage","url":"https:\/\/www.socabel.fr\/wp-content\/uploads\/2025\/12\/11.png","contentUrl":"https:\/\/www.socabel.fr\/wp-content\/uploads\/2025\/12\/11.png","width":1010,"height":1594},{"@type":"BreadcrumbList","@id":"https:\/\/www.socabel.fr\/index.php\/produit\/la-vague\/#breadcrumb","itemListElement":[{"@type":"ListItem","position":1,"name":"Accueil","item":"https:\/\/www.socabel.fr\/"},{"@type":"ListItem","position":2,"name":"Boutique","item":"https:\/\/www.socabel.fr\/index.php\/boutique\/"},{"@type":"ListItem","position":3,"name":"LA VAGUE"}]},{"@type":"WebSite","@id":"https:\/\/www.socabel.fr\/#website","url":"https:\/\/www.socabel.fr\/","name":"Socabel conceptions \u00e9lectriques sur mesure","description":"Notre savoir faire Fran\u00e7ais mis \u00e0 la disposition de nos clients qui peuvent personnaliser leurs demandes, sans impact sur les co\u00fbt et dans le respect absolu des d\u00e9lais de livraison annonc\u00e9.","publisher":{"@id":"https:\/\/www.socabel.fr\/#organization"},"potentialAction":[{"@type":"SearchAction","target":{"@type":"EntryPoint","urlTemplate":"https:\/\/www.socabel.fr\/?s={search_term_string}"},"query-input":"required name=search_term_string"}],"inLanguage":"fr-FR"},{"@type":"Organization","@id":"https:\/\/www.socabel.fr\/#organization","name":"Socabel conceptions \u00e9lectriques sur mesure","url":"https:\/\/www.socabel.fr\/","logo":{"@type":"ImageObject","inLanguage":"fr-FR","@id":"https:\/\/www.socabel.fr\/#\/schema\/logo\/image\/","url":"https:\/\/www.socabel.fr\/wp-content\/uploads\/2020\/02\/logo_200.png","contentUrl":"https:\/\/www.socabel.fr\/wp-content\/uploads\/2020\/02\/logo_200.png","width":200,"height":50,"caption":"Socabel conceptions \u00e9lectriques sur mesure"},"image":{"@id":"https:\/\/www.socabel.fr\/#\/schema\/logo\/image\/"}}]}},"_links":{"self":[{"href":"https:\/\/www.socabel.fr\/index.php\/wp-json\/wp\/v2\/product\/908","targetHints":{"allow":["GET"]}}],"collection":[{"href":"https:\/\/www.socabel.fr\/index.php\/wp-json\/wp\/v2\/product"}],"about":[{"href":"https:\/\/www.socabel.fr\/index.php\/wp-json\/wp\/v2\/types\/product"}],"replies":[{"embeddable":true,"href":"https:\/\/www.socabel.fr\/index.php\/wp-json\/wp\/v2\/comments?post=908"}],"wp:featuredmedia":[{"embeddable":true,"href":"https:\/\/www.socabel.fr\/index.php\/wp-json\/wp\/v2\/media\/909"}],"wp:attachment":[{"href":"https:\/\/www.socabel.fr\/index.php\/wp-json\/wp\/v2\/media?parent=908"}],"wp:term":[{"taxonomy":"product_cat","embeddable":true,"href":"https:\/\/www.socabel.fr\/index.php\/wp-json\/wp\/v2\/product_cat?post=908"},{"taxonomy":"product_tag","embeddable":true,"href":"https:\/\/www.socabel.fr\/index.php\/wp-json\/wp\/v2\/product_tag?post=908"}],"curies":[{"name":"wp","href":"https:\/\/api.w.org\/{rel}","templated":true}]}}